{"id":41,"date":"2017-10-31T06:15:40","date_gmt":"2017-10-31T06:15:40","guid":{"rendered":"http:\/\/irsfoundation.com\/wp\/industrial\/\/?page_id=41"},"modified":"2024-02-28T09:11:59","modified_gmt":"2024-02-28T06:11:59","slug":"sahadan-haberler","status":"publish","type":"page","link":"https:\/\/sahamuhendislik.com.tr\/?page_id=41","title":{"rendered":"Sa-Ha&#8217;dan Haberler"},"content":{"rendered":"\t\t<div data-elementor-type=\"wp-page\" data-elementor-id=\"41\" class=\"elementor elementor-41\" data-elementor-post-type=\"page\">\n\t\t\t\t<div class=\"elementor-element elementor-element-8ef6054 e-flex e-con-boxed e-con e-parent\" data-id=\"8ef6054\" data-element_type=\"container\" data-settings=\"{&quot;background_background&quot;:&quot;classic&quot;}\">\n\t\t\t\t\t<div class=\"e-con-inner\">\n\t\t\t\t<div class=\"elementor-element elementor-element-0ff55d3 elementor-widget elementor-widget-spacer\" data-id=\"0ff55d3\" data-element_type=\"widget\" data-widget_type=\"spacer.default\">\n\t\t\t\t<div class=\"elementor-widget-container\">\n\t\t\t\t\t<div class=\"elementor-spacer\">\n\t\t\t<div class=\"elementor-spacer-inner\"><\/div>\n\t\t<\/div>\n\t\t\t\t<\/div>\n\t\t\t\t<\/div>\n\t\t\t\t<div class=\"elementor-element elementor-element-6bad25d elementor-widget elementor-widget-heading\" data-id=\"6bad25d\" data-element_type=\"widget\" data-widget_type=\"heading.default\">\n\t\t\t\t<div class=\"elementor-widget-container\">\n\t\t\t<h2 class=\"elementor-heading-title elementor-size-default\">Sa-Ha&#8217;dan Haberler<\/h2>\t\t<\/div>\n\t\t\t\t<\/div>\n\t\t\t\t<div class=\"elementor-element elementor-element-985855f elementor-widget elementor-widget-spacer\" data-id=\"985855f\" data-element_type=\"widget\" data-widget_type=\"spacer.default\">\n\t\t\t\t<div class=\"elementor-widget-container\">\n\t\t\t\t\t<div class=\"elementor-spacer\">\n\t\t\t<div class=\"elementor-spacer-inner\"><\/div>\n\t\t<\/div>\n\t\t\t\t<\/div>\n\t\t\t\t<\/div>\n\t\t\t\t\t<\/div>\n\t\t\t\t<\/div>\n\t\t<div class=\"elementor-element elementor-element-3d46439e e-flex e-con-boxed e-con e-parent\" data-id=\"3d46439e\" data-element_type=\"container\">\n\t\t\t\t\t<div class=\"e-con-inner\">\n\t\t\t\t<div class=\"elementor-element elementor-element-e126f07 elementor-widget elementor-widget-spacer\" data-id=\"e126f07\" data-element_type=\"widget\" data-widget_type=\"spacer.default\">\n\t\t\t\t<div class=\"elementor-widget-container\">\n\t\t\t\t\t<div class=\"elementor-spacer\">\n\t\t\t<div class=\"elementor-spacer-inner\"><\/div>\n\t\t<\/div>\n\t\t\t\t<\/div>\n\t\t\t\t<\/div>\n\t\t\t\t\t<\/div>\n\t\t\t\t<\/div>\n\t\t<div class=\"elementor-element elementor-element-ffbc70d e-flex e-con-boxed e-con e-parent\" data-id=\"ffbc70d\" data-element_type=\"container\">\n\t\t\t\t\t<div class=\"e-con-inner\">\n\t\t\t\t<div class=\"elementor-element elementor-element-83721bd elementor-grid-3 elementor-grid-tablet-2 elementor-grid-mobile-1 elementor-posts--thumbnail-top elementor-widget elementor-widget-posts\" data-id=\"83721bd\" data-element_type=\"widget\" data-settings=\"{&quot;classic_columns&quot;:&quot;3&quot;,&quot;classic_columns_tablet&quot;:&quot;2&quot;,&quot;classic_columns_mobile&quot;:&quot;1&quot;,&quot;classic_row_gap&quot;:{&quot;unit&quot;:&quot;px&quot;,&quot;size&quot;:35,&quot;sizes&quot;:[]},&quot;classic_row_gap_tablet&quot;:{&quot;unit&quot;:&quot;px&quot;,&quot;size&quot;:&quot;&quot;,&quot;sizes&quot;:[]},&quot;classic_row_gap_mobile&quot;:{&quot;unit&quot;:&quot;px&quot;,&quot;size&quot;:&quot;&quot;,&quot;sizes&quot;:[]}}\" data-widget_type=\"posts.classic\">\n\t\t\t\t<div class=\"elementor-widget-container\">\n\t\t\t\t\t<div class=\"elementor-posts-container elementor-posts elementor-posts--skin-classic elementor-grid\">\n\t\t\t\t<article class=\"elementor-post elementor-grid-item post-267 post type-post status-publish format-image has-post-thumbnail hentry category-sa-hadan-haberler tag-hava-tanki tag-is-makinalari tag-kompresor tag-yuk-platformu post_format-post-format-image\">\n\t\t\t\t<a class=\"elementor-post__thumbnail__link\" href=\"https:\/\/sahamuhendislik.com.tr\/?p=267\" tabindex=\"-1\" >\n\t\t\t<div class=\"elementor-post__thumbnail\"><img decoding=\"async\" width=\"300\" height=\"132\" src=\"https:\/\/sahamuhendislik.com.tr\/wp-content\/uploads\/2019\/11\/anel-do\u011fa-logo-300x132.png\" class=\"attachment-medium size-medium wp-image-1823\" alt=\"\" srcset=\"https:\/\/sahamuhendislik.com.tr\/wp-content\/uploads\/2019\/11\/anel-do\u011fa-logo-300x132.png 300w, https:\/\/sahamuhendislik.com.tr\/wp-content\/uploads\/2019\/11\/anel-do\u011fa-logo.png 689w\" sizes=\"(max-width: 300px) 100vw, 300px\" \/><\/div>\n\t\t<\/a>\n\t\t\t\t<div class=\"elementor-post__text\">\n\t\t\t\t<h2 class=\"elementor-post__title\">\n\t\t\t<a href=\"https:\/\/sahamuhendislik.com.tr\/?p=267\" >\n\t\t\t\tAnel Do\u011fa \u0130\u015f Ekipmanlar\u0131 Periyodik Kontrollerinde SA&#038;HA&#8217;y\u0131 tercih etti.\t\t\t<\/a>\n\t\t<\/h2>\n\t\t\t\t<div class=\"elementor-post__excerpt\">\n\t\t\t<p>Anel Do\u011fa A.\u015e. \u0130\u015f Ekipmanlar\u0131 Periyodik Kontrollerinde SA&amp;HA M\u00fchendislik ve Dan\u0131\u015fmanl\u0131k&#8217;\u0131 tercih etti. \u0130\u015f Makinalar\u0131, Komperas\u00f6r, hava tank\u0131 ve kamyon arkas\u0131 y\u00fck<\/p>\n\t\t<\/div>\n\t\t\t\t\t<div class=\"elementor-post__read-more-wrapper\">\n\t\t\n\t\t<a class=\"elementor-post__read-more\" href=\"https:\/\/sahamuhendislik.com.tr\/?p=267\" aria-label=\"Read more about Anel Do\u011fa \u0130\u015f Ekipmanlar\u0131 Periyodik Kontrollerinde SA&#038;HA&#8217;y\u0131 tercih etti.\" tabindex=\"-1\" >\n\t\t\tDevam\u0131n\u0131 oku \u00bb\t\t<\/a>\n\n\t\t\t\t\t<\/div>\n\t\t\t\t<\/div>\n\t\t\t\t<\/article>\n\t\t\t\t<article class=\"elementor-post elementor-grid-item post-270 post type-post status-publish format-standard has-post-thumbnail hentry category-sa-hadan-haberler tag-basincli-kap tag-ceraskal tag-is-ekipmanlari tag-kompresor tag-transpalet tag-vinc\">\n\t\t\t\t<a class=\"elementor-post__thumbnail__link\" href=\"https:\/\/sahamuhendislik.com.tr\/?p=270\" tabindex=\"-1\" >\n\t\t\t<div class=\"elementor-post__thumbnail\"><img decoding=\"async\" width=\"297\" height=\"130\" src=\"https:\/\/sahamuhendislik.com.tr\/wp-content\/uploads\/2019\/11\/\u00f6zaksan-logo.jpg\" class=\"attachment-medium size-medium wp-image-1825\" alt=\"\" \/><\/div>\n\t\t<\/a>\n\t\t\t\t<div class=\"elementor-post__text\">\n\t\t\t\t<h2 class=\"elementor-post__title\">\n\t\t\t<a href=\"https:\/\/sahamuhendislik.com.tr\/?p=270\" >\n\t\t\t\t\u00d6zaksan \u00c7elik \u0130n\u015faat Periyodik Kontrolde SA&#038;HA&#8217;y\u0131 tercih etti.\t\t\t<\/a>\n\t\t<\/h2>\n\t\t\t\t<div class=\"elementor-post__excerpt\">\n\t\t\t<p>\u00d6zaksan \u00c7elik \u0130n\u015faat Sanayi Tic. Ltd. \u015eti. \u0130\u015f Ekipmanlar\u0131n\u0131n Periyodik Kontrollerinde SA&amp;HA M\u00fchendislik Dan\u0131\u015fmanl\u0131k&#8217;\u0131 tercih etti. Vin\u00e7, Kompres\u00f6r, Transpalet, Ceraskal teknik kontrolleri<\/p>\n\t\t<\/div>\n\t\t\t\t\t<div class=\"elementor-post__read-more-wrapper\">\n\t\t\n\t\t<a class=\"elementor-post__read-more\" href=\"https:\/\/sahamuhendislik.com.tr\/?p=270\" aria-label=\"Read more about \u00d6zaksan \u00c7elik \u0130n\u015faat Periyodik Kontrolde SA&#038;HA&#8217;y\u0131 tercih etti.\" tabindex=\"-1\" >\n\t\t\tDevam\u0131n\u0131 oku \u00bb\t\t<\/a>\n\n\t\t\t\t\t<\/div>\n\t\t\t\t<\/div>\n\t\t\t\t<\/article>\n\t\t\t\t<article class=\"elementor-post elementor-grid-item post-1428 post type-post status-publish format-image has-post-thumbnail hentry category-genel category-sa-hadan-haberler tag-paratoner-kontrolu tag-periyodik-kontrol tag-topraklama-kontrolu tag-yangin-sistemleri post_format-post-format-image\">\n\t\t\t\t<a class=\"elementor-post__thumbnail__link\" href=\"https:\/\/sahamuhendislik.com.tr\/?p=1428\" tabindex=\"-1\" >\n\t\t\t<div class=\"elementor-post__thumbnail\"><img fetchpriority=\"high\" decoding=\"async\" width=\"300\" height=\"225\" src=\"https:\/\/sahamuhendislik.com.tr\/wp-content\/uploads\/2018\/01\/foto\u011fraf1-300x225.jpg\" class=\"attachment-medium size-medium wp-image-1809\" alt=\"\" srcset=\"https:\/\/sahamuhendislik.com.tr\/wp-content\/uploads\/2018\/01\/foto\u011fraf1-300x225.jpg 300w, https:\/\/sahamuhendislik.com.tr\/wp-content\/uploads\/2018\/01\/foto\u011fraf1.jpg 640w\" sizes=\"(max-width: 300px) 100vw, 300px\" \/><\/div>\n\t\t<\/a>\n\t\t\t\t<div class=\"elementor-post__text\">\n\t\t\t\t<h2 class=\"elementor-post__title\">\n\t\t\t<a href=\"https:\/\/sahamuhendislik.com.tr\/?p=1428\" >\n\t\t\t\tEksun G\u0131da Periyodik Kontrolde SA&#038;HA&#8217;y\u0131 Se\u00e7ti\t\t\t<\/a>\n\t\t<\/h2>\n\t\t\t\t<div class=\"elementor-post__excerpt\">\n\t\t\t<p>Eksun G\u0131da Tar\u0131m Sanayi A.\u015e. 2018&#8217;de oldu\u011fu gibi 2019&#8217;da da \u0130\u015f Ekipmanlar\u0131n\u0131n Periyodik Kontrollerinde Sa-Ha M\u00fchendislik Dan\u0131\u015fmanl\u0131\u011f\u0131 tercih etti. Te\u015fekk\u00fcrler Eksun G\u0131da.<\/p>\n\t\t<\/div>\n\t\t\t\t\t<div class=\"elementor-post__read-more-wrapper\">\n\t\t\n\t\t<a class=\"elementor-post__read-more\" href=\"https:\/\/sahamuhendislik.com.tr\/?p=1428\" aria-label=\"Read more about Eksun G\u0131da Periyodik Kontrolde SA&#038;HA&#8217;y\u0131 Se\u00e7ti\" tabindex=\"-1\" >\n\t\t\tDevam\u0131n\u0131 oku \u00bb\t\t<\/a>\n\n\t\t\t\t\t<\/div>\n\t\t\t\t<\/div>\n\t\t\t\t<\/article>\n\t\t\t\t<\/div>\n\t\t\n\t\t\t\t<\/div>\n\t\t\t\t<\/div>\n\t\t\t\t\t<\/div>\n\t\t\t\t<\/div>\n\t\t\t\t<\/div>\n\t\t","protected":false},"excerpt":{"rendered":"","protected":false},"author":1,"featured_media":0,"parent":0,"menu_order":0,"comment_status":"closed","ping_status":"closed","template":"elementor_header_footer","meta":{"footnotes":""},"_links":{"self":[{"href":"https:\/\/sahamuhendislik.com.tr\/index.php?rest_route=\/wp\/v2\/pages\/41"}],"collection":[{"href":"https:\/\/sahamuhendislik.com.tr\/index.php?rest_route=\/wp\/v2\/pages"}],"about":[{"href":"https:\/\/sahamuhendislik.com.tr\/index.php?rest_route=\/wp\/v2\/types\/page"}],"author":[{"embeddable":true,"href":"https:\/\/sahamuhendislik.com.tr\/index.php?rest_route=\/wp\/v2\/users\/1"}],"replies":[{"embeddable":true,"href":"https:\/\/sahamuhendislik.com.tr\/index.php?rest_route=%2Fwp%2Fv2%2Fcomments&post=41"}],"version-history":[{"count":5,"href":"https:\/\/sahamuhendislik.com.tr\/index.php?rest_route=\/wp\/v2\/pages\/41\/revisions"}],"predecessor-version":[{"id":2218,"href":"https:\/\/sahamuhendislik.com.tr\/index.php?rest_route=\/wp\/v2\/pages\/41\/revisions\/2218"}],"wp:attachment":[{"href":"https:\/\/sahamuhendislik.com.tr\/index.php?rest_route=%2Fwp%2Fv2%2Fmedia&parent=41"}],"curies":[{"name":"wp","href":"https:\/\/api.w.org\/{rel}","templated":true}]}}