{"id":2304,"date":"2024-02-28T10:54:47","date_gmt":"2024-02-28T07:54:47","guid":{"rendered":"https:\/\/sahamuhendislik.com.tr\/?page_id=2304"},"modified":"2024-02-28T10:55:59","modified_gmt":"2024-02-28T07:55:59","slug":"blog-2","status":"publish","type":"page","link":"https:\/\/sahamuhendislik.com.tr\/?page_id=2304","title":{"rendered":"Blog"},"content":{"rendered":"\t\t<div data-elementor-type=\"wp-page\" data-elementor-id=\"2304\" class=\"elementor elementor-2304\" data-elementor-post-type=\"page\">\n\t\t\t\t<div class=\"elementor-element elementor-element-4748b74 e-flex e-con-boxed e-con e-parent\" data-id=\"4748b74\" data-element_type=\"container\" data-settings=\"{&quot;background_background&quot;:&quot;classic&quot;}\">\n\t\t\t\t\t<div class=\"e-con-inner\">\n\t\t\t\t<div class=\"elementor-element elementor-element-12ad29f elementor-widget elementor-widget-spacer\" data-id=\"12ad29f\" data-element_type=\"widget\" data-widget_type=\"spacer.default\">\n\t\t\t\t<div class=\"elementor-widget-container\">\n\t\t\t\t\t<div class=\"elementor-spacer\">\n\t\t\t<div class=\"elementor-spacer-inner\"><\/div>\n\t\t<\/div>\n\t\t\t\t<\/div>\n\t\t\t\t<\/div>\n\t\t\t\t<div class=\"elementor-element elementor-element-ad7933f elementor-widget elementor-widget-heading\" data-id=\"ad7933f\" data-element_type=\"widget\" data-widget_type=\"heading.default\">\n\t\t\t\t<div class=\"elementor-widget-container\">\n\t\t\t<h2 class=\"elementor-heading-title elementor-size-default\">Blog<\/h2>\t\t<\/div>\n\t\t\t\t<\/div>\n\t\t\t\t<div class=\"elementor-element elementor-element-ad3fe62 elementor-widget elementor-widget-spacer\" data-id=\"ad3fe62\" data-element_type=\"widget\" data-widget_type=\"spacer.default\">\n\t\t\t\t<div class=\"elementor-widget-container\">\n\t\t\t\t\t<div class=\"elementor-spacer\">\n\t\t\t<div class=\"elementor-spacer-inner\"><\/div>\n\t\t<\/div>\n\t\t\t\t<\/div>\n\t\t\t\t<\/div>\n\t\t\t\t\t<\/div>\n\t\t\t\t<\/div>\n\t\t<div class=\"elementor-element elementor-element-380dadb e-flex e-con-boxed e-con e-parent\" data-id=\"380dadb\" data-element_type=\"container\">\n\t\t\t\t\t<div class=\"e-con-inner\">\n\t\t\t\t\t<\/div>\n\t\t\t\t<\/div>\n\t\t<div class=\"elementor-element elementor-element-51ced8d e-flex e-con-boxed e-con e-parent\" data-id=\"51ced8d\" data-element_type=\"container\">\n\t\t\t\t\t<div class=\"e-con-inner\">\n\t\t\t\t<div class=\"elementor-element elementor-element-7236194 elementor-grid-3 elementor-grid-tablet-2 elementor-grid-mobile-1 elementor-posts--thumbnail-top elementor-widget elementor-widget-posts\" data-id=\"7236194\" data-element_type=\"widget\" data-settings=\"{&quot;classic_columns&quot;:&quot;3&quot;,&quot;classic_columns_tablet&quot;:&quot;2&quot;,&quot;classic_columns_mobile&quot;:&quot;1&quot;,&quot;classic_row_gap&quot;:{&quot;unit&quot;:&quot;px&quot;,&quot;size&quot;:35,&quot;sizes&quot;:[]},&quot;classic_row_gap_tablet&quot;:{&quot;unit&quot;:&quot;px&quot;,&quot;size&quot;:&quot;&quot;,&quot;sizes&quot;:[]},&quot;classic_row_gap_mobile&quot;:{&quot;unit&quot;:&quot;px&quot;,&quot;size&quot;:&quot;&quot;,&quot;sizes&quot;:[]}}\" data-widget_type=\"posts.classic\">\n\t\t\t\t<div class=\"elementor-widget-container\">\n\t\t\t\t\t<div class=\"elementor-posts-container elementor-posts elementor-posts--skin-classic elementor-grid\">\n\t\t\t\t<article class=\"elementor-post elementor-grid-item post-1951 post type-post status-publish format-image has-post-thumbnail hentry category-blog tag-az-yakan-kombi tag-ekonomik-isinma tag-kombi tag-konforlu-isinma tag-petek-sicakligi tag-sicaklik-ayari tag-tasarruflu-kombi tag-yogusmali-kombi post_format-post-format-image\">\n\t\t\t\t<a class=\"elementor-post__thumbnail__link\" href=\"https:\/\/sahamuhendislik.com.tr\/?p=1951\" tabindex=\"-1\" >\n\t\t\t<div class=\"elementor-post__thumbnail\"><img fetchpriority=\"high\" decoding=\"async\" width=\"300\" height=\"200\" src=\"https:\/\/sahamuhendislik.com.tr\/wp-content\/uploads\/2020\/04\/yerden-\u0131s\u0131tma-300x200.jpg\" class=\"attachment-medium size-medium wp-image-1952\" alt=\"\" srcset=\"https:\/\/sahamuhendislik.com.tr\/wp-content\/uploads\/2020\/04\/yerden-\u0131s\u0131tma-300x200.jpg 300w, https:\/\/sahamuhendislik.com.tr\/wp-content\/uploads\/2020\/04\/yerden-\u0131s\u0131tma-1024x683.jpg 1024w, https:\/\/sahamuhendislik.com.tr\/wp-content\/uploads\/2020\/04\/yerden-\u0131s\u0131tma-768x512.jpg 768w, https:\/\/sahamuhendislik.com.tr\/wp-content\/uploads\/2020\/04\/yerden-\u0131s\u0131tma-1536x1024.jpg 1536w, https:\/\/sahamuhendislik.com.tr\/wp-content\/uploads\/2020\/04\/yerden-\u0131s\u0131tma.jpg 1920w\" sizes=\"(max-width: 300px) 100vw, 300px\" \/><\/div>\n\t\t<\/a>\n\t\t\t\t<div class=\"elementor-post__text\">\n\t\t\t\t<h2 class=\"elementor-post__title\">\n\t\t\t<a href=\"https:\/\/sahamuhendislik.com.tr\/?p=1951\" >\n\t\t\t\t\u00a0Yerden \u0131s\u0131tma sistemleri i\u00e7in hangi kombi tercih edilmeli nelere dikkat edilmeli ?\t\t\t<\/a>\n\t\t<\/h2>\n\t\t\t\t<div class=\"elementor-post__excerpt\">\n\t\t\t<p>2018 y\u0131l\u0131n\u0131n nisan ay\u0131na kadar hermetik ve yo\u011fu\u015fmal\u0131 olarak kombiler s\u0131n\u0131f\u0131 ayr\u0131l\u0131yordu bu tarihten sonra hermetik yani konvansiyonel kombiler \u00fcretimi durdurdu. Yaln\u0131zca<\/p>\n\t\t<\/div>\n\t\t\t\t\t<div class=\"elementor-post__read-more-wrapper\">\n\t\t\n\t\t<a class=\"elementor-post__read-more\" href=\"https:\/\/sahamuhendislik.com.tr\/?p=1951\" aria-label=\"Read more about \u00a0Yerden \u0131s\u0131tma sistemleri i\u00e7in hangi kombi tercih edilmeli nelere dikkat edilmeli ?\" tabindex=\"-1\" >\n\t\t\tDevam\u0131n\u0131 oku \u00bb\t\t<\/a>\n\n\t\t\t\t\t<\/div>\n\t\t\t\t<\/div>\n\t\t\t\t<\/article>\n\t\t\t\t<article class=\"elementor-post elementor-grid-item post-1948 post type-post status-publish format-image has-post-thumbnail hentry category-blog tag-az-yakan-kombi tag-ekonomik-isinma tag-kombi tag-konforlu-isinma tag-petek-sicakligi tag-sicaklik-ayari tag-tasarruflu-kombi tag-yogusmali-kombi post_format-post-format-image\">\n\t\t\t\t<a class=\"elementor-post__thumbnail__link\" href=\"https:\/\/sahamuhendislik.com.tr\/?p=1948\" tabindex=\"-1\" >\n\t\t\t<div class=\"elementor-post__thumbnail\"><img decoding=\"async\" width=\"300\" height=\"200\" src=\"https:\/\/sahamuhendislik.com.tr\/wp-content\/uploads\/2020\/04\/kombi-se\u00e7imi-300x200.jpg\" class=\"attachment-medium size-medium wp-image-1950\" alt=\"\" srcset=\"https:\/\/sahamuhendislik.com.tr\/wp-content\/uploads\/2020\/04\/kombi-se\u00e7imi-300x200.jpg 300w, https:\/\/sahamuhendislik.com.tr\/wp-content\/uploads\/2020\/04\/kombi-se\u00e7imi-1024x683.jpg 1024w, https:\/\/sahamuhendislik.com.tr\/wp-content\/uploads\/2020\/04\/kombi-se\u00e7imi-768x512.jpg 768w, https:\/\/sahamuhendislik.com.tr\/wp-content\/uploads\/2020\/04\/kombi-se\u00e7imi-1536x1024.jpg 1536w, https:\/\/sahamuhendislik.com.tr\/wp-content\/uploads\/2020\/04\/kombi-se\u00e7imi.jpg 1920w\" sizes=\"(max-width: 300px) 100vw, 300px\" \/><\/div>\n\t\t<\/a>\n\t\t\t\t<div class=\"elementor-post__text\">\n\t\t\t\t<h2 class=\"elementor-post__title\">\n\t\t\t<a href=\"https:\/\/sahamuhendislik.com.tr\/?p=1948\" >\n\t\t\t\tKonfor ve ekonomi i\u00e7in kombiler ka\u00e7 derecede \u00e7al\u0131\u015ft\u0131r\u0131lmal\u0131d\u0131r?\t\t\t<\/a>\n\t\t<\/h2>\n\t\t\t\t<div class=\"elementor-post__excerpt\">\n\t\t\t<p>Kombilerin s\u0131cakl\u0131k ayar\u0131 hem konfor \u015fartlar\u0131 a\u00e7\u0131s\u0131ndan, hem de enerji ekonomisi a\u00e7\u0131s\u0131ndan \u00f6nem arz eder. Is\u0131 m\u00fchendisli\u011fine g\u00f6re konfor \u015fartlar\u0131 bak\u0131m\u0131ndan bir<\/p>\n\t\t<\/div>\n\t\t\t\t\t<div class=\"elementor-post__read-more-wrapper\">\n\t\t\n\t\t<a class=\"elementor-post__read-more\" href=\"https:\/\/sahamuhendislik.com.tr\/?p=1948\" aria-label=\"Read more about Konfor ve ekonomi i\u00e7in kombiler ka\u00e7 derecede \u00e7al\u0131\u015ft\u0131r\u0131lmal\u0131d\u0131r?\" tabindex=\"-1\" >\n\t\t\tDevam\u0131n\u0131 oku \u00bb\t\t<\/a>\n\n\t\t\t\t\t<\/div>\n\t\t\t\t<\/div>\n\t\t\t\t<\/article>\n\t\t\t\t<article class=\"elementor-post elementor-grid-item post-1944 post type-post status-publish format-image has-post-thumbnail hentry category-blog tag-arcelik tag-ariston tag-az-yakan-kombi tag-baymak tag-bosch tag-buderus tag-demirdokum tag-eca tag-ferroli tag-immergas tag-kombi tag-saha-muhendislik tag-tasarruflu-kombi tag-vaillant tag-viessmann tag-yerli-kombi tag-yogusmali-kombi post_format-post-format-image\">\n\t\t\t\t<a class=\"elementor-post__thumbnail__link\" href=\"https:\/\/sahamuhendislik.com.tr\/?p=1944\" tabindex=\"-1\" >\n\t\t\t<div class=\"elementor-post__thumbnail\"><img decoding=\"async\" width=\"300\" height=\"200\" src=\"https:\/\/sahamuhendislik.com.tr\/wp-content\/uploads\/2020\/04\/kombi-tasarruf-dogalgaz-300x200.jpg\" class=\"attachment-medium size-medium wp-image-1941\" alt=\"\" srcset=\"https:\/\/sahamuhendislik.com.tr\/wp-content\/uploads\/2020\/04\/kombi-tasarruf-dogalgaz-300x200.jpg 300w, https:\/\/sahamuhendislik.com.tr\/wp-content\/uploads\/2020\/04\/kombi-tasarruf-dogalgaz-1024x683.jpg 1024w, https:\/\/sahamuhendislik.com.tr\/wp-content\/uploads\/2020\/04\/kombi-tasarruf-dogalgaz-768x512.jpg 768w, https:\/\/sahamuhendislik.com.tr\/wp-content\/uploads\/2020\/04\/kombi-tasarruf-dogalgaz-1536x1024.jpg 1536w, https:\/\/sahamuhendislik.com.tr\/wp-content\/uploads\/2020\/04\/kombi-tasarruf-dogalgaz.jpg 1920w\" sizes=\"(max-width: 300px) 100vw, 300px\" \/><\/div>\n\t\t<\/a>\n\t\t\t\t<div class=\"elementor-post__text\">\n\t\t\t\t<h2 class=\"elementor-post__title\">\n\t\t\t<a href=\"https:\/\/sahamuhendislik.com.tr\/?p=1944\" >\n\t\t\t\tKombi al\u0131rken nelere dikkat etmeliyim ?\t\t\t<\/a>\n\t\t<\/h2>\n\t\t\t\t<div class=\"elementor-post__excerpt\">\n\t\t\t<p>Normal \u015fartlar alt\u0131nda kombilerin \u00f6mr\u00fc 8 -12 y\u0131ld\u0131r. Eskiyen kombiniz ar\u0131zalar yapmaya ba\u015flad\u0131\u011f\u0131nda m\u00fcmk\u00fcnse yenilemeniz, size ilerideki y\u00fckl\u00fc tamir faturalar\u0131ndan ve tamir<\/p>\n\t\t<\/div>\n\t\t\t\t\t<div class=\"elementor-post__read-more-wrapper\">\n\t\t\n\t\t<a class=\"elementor-post__read-more\" href=\"https:\/\/sahamuhendislik.com.tr\/?p=1944\" aria-label=\"Read more about Kombi al\u0131rken nelere dikkat etmeliyim ?\" tabindex=\"-1\" >\n\t\t\tDevam\u0131n\u0131 oku \u00bb\t\t<\/a>\n\n\t\t\t\t\t<\/div>\n\t\t\t\t<\/div>\n\t\t\t\t<\/article>\n\t\t\t\t<article class=\"elementor-post elementor-grid-item post-1940 post type-post status-publish format-image has-post-thumbnail hentry category-blog tag-dogalgaz tag-dogalgazda-tasarruf-yontemleri tag-kombi tag-tasarruf tag-yerden-isitma tag-yogusmali-kombi post_format-post-format-image\">\n\t\t\t\t<a class=\"elementor-post__thumbnail__link\" href=\"https:\/\/sahamuhendislik.com.tr\/?p=1940\" tabindex=\"-1\" >\n\t\t\t<div class=\"elementor-post__thumbnail\"><img loading=\"lazy\" decoding=\"async\" width=\"300\" height=\"200\" src=\"https:\/\/sahamuhendislik.com.tr\/wp-content\/uploads\/2020\/04\/do\u011fru-kombi-se\u00e7imi-300x200.jpg\" class=\"attachment-medium size-medium wp-image-1947\" alt=\"\" srcset=\"https:\/\/sahamuhendislik.com.tr\/wp-content\/uploads\/2020\/04\/do\u011fru-kombi-se\u00e7imi-300x200.jpg 300w, https:\/\/sahamuhendislik.com.tr\/wp-content\/uploads\/2020\/04\/do\u011fru-kombi-se\u00e7imi-1024x683.jpg 1024w, https:\/\/sahamuhendislik.com.tr\/wp-content\/uploads\/2020\/04\/do\u011fru-kombi-se\u00e7imi-768x512.jpg 768w, https:\/\/sahamuhendislik.com.tr\/wp-content\/uploads\/2020\/04\/do\u011fru-kombi-se\u00e7imi-1536x1024.jpg 1536w, https:\/\/sahamuhendislik.com.tr\/wp-content\/uploads\/2020\/04\/do\u011fru-kombi-se\u00e7imi.jpg 1920w\" sizes=\"(max-width: 300px) 100vw, 300px\" \/><\/div>\n\t\t<\/a>\n\t\t\t\t<div class=\"elementor-post__text\">\n\t\t\t\t<h2 class=\"elementor-post__title\">\n\t\t\t<a href=\"https:\/\/sahamuhendislik.com.tr\/?p=1940\" >\n\t\t\t\tDo\u011fru bilinen yanl\u0131\u015flar.\t\t\t<\/a>\n\t\t<\/h2>\n\t\t\t\t<div class=\"elementor-post__excerpt\">\n\t\t\t<p>1- Evden yokken kombiyi kapatma, \u00c7ok yakar \u2026 K\u0131sa s\u00fcreli, pazar, market gibi yerlere gidi\u015flerinizde kombiyi k\u0131s\u0131n, ama uzun s\u00fcreli (4 saatten<\/p>\n\t\t<\/div>\n\t\t\t\t\t<div class=\"elementor-post__read-more-wrapper\">\n\t\t\n\t\t<a class=\"elementor-post__read-more\" href=\"https:\/\/sahamuhendislik.com.tr\/?p=1940\" aria-label=\"Read more about Do\u011fru bilinen yanl\u0131\u015flar.\" tabindex=\"-1\" >\n\t\t\tDevam\u0131n\u0131 oku \u00bb\t\t<\/a>\n\n\t\t\t\t\t<\/div>\n\t\t\t\t<\/div>\n\t\t\t\t<\/article>\n\t\t\t\t<article class=\"elementor-post elementor-grid-item post-1922 post type-post status-publish format-image has-post-thumbnail hentry category-blog tag-panel-radyator-temizligi tag-petek-temizligi tag-radyator-temizligi tag-rems tag-rems-solar-push-k-60 tag-rothenberger tag-rothenberger-rocal-acit-multi tag-tesisat-temizleme-sivisi tag-tesisat-yikama post_format-post-format-image\">\n\t\t\t\t<a class=\"elementor-post__thumbnail__link\" href=\"https:\/\/sahamuhendislik.com.tr\/?p=1922\" tabindex=\"-1\" >\n\t\t\t<div class=\"elementor-post__thumbnail\"><img loading=\"lazy\" decoding=\"async\" width=\"300\" height=\"200\" src=\"https:\/\/sahamuhendislik.com.tr\/wp-content\/uploads\/2020\/04\/petek-temizleme-300x200.jpg\" class=\"attachment-medium size-medium wp-image-1929\" alt=\"\" srcset=\"https:\/\/sahamuhendislik.com.tr\/wp-content\/uploads\/2020\/04\/petek-temizleme-300x200.jpg 300w, https:\/\/sahamuhendislik.com.tr\/wp-content\/uploads\/2020\/04\/petek-temizleme-1024x683.jpg 1024w, https:\/\/sahamuhendislik.com.tr\/wp-content\/uploads\/2020\/04\/petek-temizleme-768x512.jpg 768w, https:\/\/sahamuhendislik.com.tr\/wp-content\/uploads\/2020\/04\/petek-temizleme-1536x1024.jpg 1536w, https:\/\/sahamuhendislik.com.tr\/wp-content\/uploads\/2020\/04\/petek-temizleme.jpg 1920w\" sizes=\"(max-width: 300px) 100vw, 300px\" \/><\/div>\n\t\t<\/a>\n\t\t\t\t<div class=\"elementor-post__text\">\n\t\t\t\t<h2 class=\"elementor-post__title\">\n\t\t\t<a href=\"https:\/\/sahamuhendislik.com.tr\/?p=1922\" >\n\t\t\t\tKolorifer Tesisat\u0131m\u0131 Temizletmeli miyim ?\t\t\t<\/a>\n\t\t<\/h2>\n\t\t\t\t<div class=\"elementor-post__excerpt\">\n\t\t\t<p>Son y\u0131llarda kalorifer tesisat\u0131 kullanan ve \u00f6zellikle petekli tesisat kullanan, insanlar\u0131n s\u0131k\u00e7a sordu\u011fu bir soru halde geldi.\u00a0 2003 y\u0131l\u0131nda firmam\u0131z\u0131n bulundu\u011fu Bursa\u2019n\u0131n<\/p>\n\t\t<\/div>\n\t\t\t\t\t<div class=\"elementor-post__read-more-wrapper\">\n\t\t\n\t\t<a class=\"elementor-post__read-more\" href=\"https:\/\/sahamuhendislik.com.tr\/?p=1922\" aria-label=\"Read more about Kolorifer Tesisat\u0131m\u0131 Temizletmeli miyim ?\" tabindex=\"-1\" >\n\t\t\tDevam\u0131n\u0131 oku \u00bb\t\t<\/a>\n\n\t\t\t\t\t<\/div>\n\t\t\t\t<\/div>\n\t\t\t\t<\/article>\n\t\t\t\t<article class=\"elementor-post elementor-grid-item post-267 post type-post status-publish format-image has-post-thumbnail hentry category-sa-hadan-haberler tag-hava-tanki tag-is-makinalari tag-kompresor tag-yuk-platformu post_format-post-format-image\">\n\t\t\t\t<a class=\"elementor-post__thumbnail__link\" href=\"https:\/\/sahamuhendislik.com.tr\/?p=267\" tabindex=\"-1\" >\n\t\t\t<div class=\"elementor-post__thumbnail\"><img loading=\"lazy\" decoding=\"async\" width=\"300\" height=\"132\" src=\"https:\/\/sahamuhendislik.com.tr\/wp-content\/uploads\/2019\/11\/anel-do\u011fa-logo-300x132.png\" class=\"attachment-medium size-medium wp-image-1823\" alt=\"\" srcset=\"https:\/\/sahamuhendislik.com.tr\/wp-content\/uploads\/2019\/11\/anel-do\u011fa-logo-300x132.png 300w, https:\/\/sahamuhendislik.com.tr\/wp-content\/uploads\/2019\/11\/anel-do\u011fa-logo.png 689w\" sizes=\"(max-width: 300px) 100vw, 300px\" \/><\/div>\n\t\t<\/a>\n\t\t\t\t<div class=\"elementor-post__text\">\n\t\t\t\t<h2 class=\"elementor-post__title\">\n\t\t\t<a href=\"https:\/\/sahamuhendislik.com.tr\/?p=267\" >\n\t\t\t\tAnel Do\u011fa \u0130\u015f Ekipmanlar\u0131 Periyodik Kontrollerinde SA&#038;HA&#8217;y\u0131 tercih etti.\t\t\t<\/a>\n\t\t<\/h2>\n\t\t\t\t<div class=\"elementor-post__excerpt\">\n\t\t\t<p>Anel Do\u011fa A.\u015e. \u0130\u015f Ekipmanlar\u0131 Periyodik Kontrollerinde SA&amp;HA M\u00fchendislik ve Dan\u0131\u015fmanl\u0131k&#8217;\u0131 tercih etti. \u0130\u015f Makinalar\u0131, Komperas\u00f6r, hava tank\u0131 ve kamyon arkas\u0131 y\u00fck<\/p>\n\t\t<\/div>\n\t\t\t\t\t<div class=\"elementor-post__read-more-wrapper\">\n\t\t\n\t\t<a class=\"elementor-post__read-more\" href=\"https:\/\/sahamuhendislik.com.tr\/?p=267\" aria-label=\"Read more about Anel Do\u011fa \u0130\u015f Ekipmanlar\u0131 Periyodik Kontrollerinde SA&#038;HA&#8217;y\u0131 tercih etti.\" tabindex=\"-1\" >\n\t\t\tDevam\u0131n\u0131 oku \u00bb\t\t<\/a>\n\n\t\t\t\t\t<\/div>\n\t\t\t\t<\/div>\n\t\t\t\t<\/article>\n\t\t\t\t<\/div>\n\t\t\n\t\t\t\t<\/div>\n\t\t\t\t<\/div>\n\t\t\t\t\t<\/div>\n\t\t\t\t<\/div>\n\t\t\t\t<\/div>\n\t\t","protected":false},"excerpt":{"rendered":"","protected":false},"author":1,"featured_media":0,"parent":0,"menu_order":0,"comment_status":"closed","ping_status":"closed","template":"elementor_header_footer","meta":{"footnotes":""},"_links":{"self":[{"href":"https:\/\/sahamuhendislik.com.tr\/index.php?rest_route=\/wp\/v2\/pages\/2304"}],"collection":[{"href":"https:\/\/sahamuhendislik.com.tr\/index.php?rest_route=\/wp\/v2\/pages"}],"about":[{"href":"https:\/\/sahamuhendislik.com.tr\/index.php?rest_route=\/wp\/v2\/types\/page"}],"author":[{"embeddable":true,"href":"https:\/\/sahamuhendislik.com.tr\/index.php?rest_route=\/wp\/v2\/users\/1"}],"replies":[{"embeddable":true,"href":"https:\/\/sahamuhendislik.com.tr\/index.php?rest_route=%2Fwp%2Fv2%2Fcomments&post=2304"}],"version-history":[{"count":4,"href":"https:\/\/sahamuhendislik.com.tr\/index.php?rest_route=\/wp\/v2\/pages\/2304\/revisions"}],"predecessor-version":[{"id":2309,"href":"https:\/\/sahamuhendislik.com.tr\/index.php?rest_route=\/wp\/v2\/pages\/2304\/revisions\/2309"}],"wp:attachment":[{"href":"https:\/\/sahamuhendislik.com.tr\/index.php?rest_route=%2Fwp%2Fv2%2Fmedia&parent=2304"}],"curies":[{"name":"wp","href":"https:\/\/api.w.org\/{rel}","templated":true}]}}