{"id":1845,"date":"2019-11-30T17:03:04","date_gmt":"2019-11-30T14:03:04","guid":{"rendered":"http:\/\/sahamuhendislik.com.tr\/?page_id=1845"},"modified":"2024-02-28T09:48:42","modified_gmt":"2024-02-28T06:48:42","slug":"urunlerimiz","status":"publish","type":"page","link":"https:\/\/sahamuhendislik.com.tr\/?page_id=1845","title":{"rendered":"\u00dcr\u00fcnlerimiz"},"content":{"rendered":"\t\t<div data-elementor-type=\"wp-page\" data-elementor-id=\"1845\" class=\"elementor elementor-1845\" data-elementor-post-type=\"page\">\n\t\t\t\t<div class=\"elementor-element elementor-element-d446984 e-flex e-con-boxed e-con e-parent\" data-id=\"d446984\" data-element_type=\"container\" data-settings=\"{&quot;background_background&quot;:&quot;classic&quot;}\">\n\t\t\t\t\t<div class=\"e-con-inner\">\n\t\t\t\t<div class=\"elementor-element elementor-element-fcae636 elementor-widget elementor-widget-spacer\" data-id=\"fcae636\" data-element_type=\"widget\" data-widget_type=\"spacer.default\">\n\t\t\t\t<div class=\"elementor-widget-container\">\n\t\t\t\t\t<div class=\"elementor-spacer\">\n\t\t\t<div class=\"elementor-spacer-inner\"><\/div>\n\t\t<\/div>\n\t\t\t\t<\/div>\n\t\t\t\t<\/div>\n\t\t\t\t<div class=\"elementor-element elementor-element-78c64ea elementor-widget elementor-widget-heading\" data-id=\"78c64ea\" data-element_type=\"widget\" data-widget_type=\"heading.default\">\n\t\t\t\t<div class=\"elementor-widget-container\">\n\t\t\t<h2 class=\"elementor-heading-title elementor-size-default\">\u00dcr\u00fcnlerimiz<\/h2>\t\t<\/div>\n\t\t\t\t<\/div>\n\t\t\t\t<div class=\"elementor-element elementor-element-b3b1ac6 elementor-widget elementor-widget-spacer\" data-id=\"b3b1ac6\" data-element_type=\"widget\" data-widget_type=\"spacer.default\">\n\t\t\t\t<div class=\"elementor-widget-container\">\n\t\t\t\t\t<div class=\"elementor-spacer\">\n\t\t\t<div class=\"elementor-spacer-inner\"><\/div>\n\t\t<\/div>\n\t\t\t\t<\/div>\n\t\t\t\t<\/div>\n\t\t\t\t\t<\/div>\n\t\t\t\t<\/div>\n\t\t<div class=\"elementor-element elementor-element-517a178 e-flex e-con-boxed e-con e-parent\" data-id=\"517a178\" data-element_type=\"container\" data-settings=\"{&quot;background_background&quot;:&quot;classic&quot;}\">\n\t\t\t\t\t<div class=\"e-con-inner\">\n\t\t\t\t<div class=\"elementor-element elementor-element-f354199 elementor-widget elementor-widget-spacer\" data-id=\"f354199\" data-element_type=\"widget\" data-widget_type=\"spacer.default\">\n\t\t\t\t<div class=\"elementor-widget-container\">\n\t\t\t\t\t<div class=\"elementor-spacer\">\n\t\t\t<div class=\"elementor-spacer-inner\"><\/div>\n\t\t<\/div>\n\t\t\t\t<\/div>\n\t\t\t\t<\/div>\n\t\t\t\t<div class=\"elementor-element elementor-element-c4b6571 elementor-widget elementor-widget-heading\" data-id=\"c4b6571\" data-element_type=\"widget\" data-widget_type=\"heading.default\">\n\t\t\t\t<div class=\"elementor-widget-container\">\n\t\t\t<h3 class=\"elementor-heading-title elementor-size-default\">KOMB\u0130LER &amp; UZAKTAN KONTROL C\u0130HAZLARI<\/h3>\t\t<\/div>\n\t\t\t\t<\/div>\n\t\t\t\t<div class=\"elementor-element elementor-element-0fdf6d0 elementor-widget elementor-widget-spacer\" data-id=\"0fdf6d0\" data-element_type=\"widget\" data-widget_type=\"spacer.default\">\n\t\t\t\t<div class=\"elementor-widget-container\">\n\t\t\t\t\t<div class=\"elementor-spacer\">\n\t\t\t<div class=\"elementor-spacer-inner\"><\/div>\n\t\t<\/div>\n\t\t\t\t<\/div>\n\t\t\t\t<\/div>\n\t\t\t\t\t<\/div>\n\t\t\t\t<\/div>\n\t\t<div class=\"elementor-element elementor-element-049d68e e-flex e-con-boxed e-con e-parent\" data-id=\"049d68e\" data-element_type=\"container\">\n\t\t\t\t\t<div class=\"e-con-inner\">\n\t\t<div class=\"elementor-element elementor-element-141d59c e-con-full e-flex e-con e-child\" data-id=\"141d59c\" data-element_type=\"container\">\n\t\t\t\t<div class=\"elementor-element elementor-element-ea5263a elementor-widget elementor-widget-text-editor\" data-id=\"ea5263a\" data-element_type=\"widget\" data-widget_type=\"text-editor.default\">\n\t\t\t\t<div class=\"elementor-widget-container\">\n\t\t\t\t\t\t\t<h2 class=\"vc_custom_heading\">VIESSMANN KOMB\u0130 VE UZAKTAN KONTROL C\u0130HAZLARI<\/h2><div class=\"wpb_text_column wpb_content_element \"><div class=\"wpb_wrapper\"><p>Viessmann Mudanya Bayii SA&amp;HA M\u00fchendislik\u2019te t\u00fcm Viessmann Yo\u011fu\u015fmal\u0131, ve kazan tipi kombi \u00e7e\u015fitlerini, termostat ve kontrol cihazlar\u0131n\u0131 bulabilirsiniz.<\/p><ul><li>Vitodens 100-W (Tam Yo\u011fu\u015fmal\u0131 Kombi)<\/li><li>Vitodens 050-W (Tam Yo\u011fu\u015fmal\u0131 Kombi)<\/li><li>Vitodens 111-W (Tam Yo\u011fu\u015fmal\u0131 Kombi)<\/li><li>Vitodens 222-F (Tam Yo\u011fu\u015fmal\u0131 Kombi)<\/li><li>Vitodens 242-F (Tam Yo\u011fu\u015fmal\u0131 Kombi)<\/li><li>Vitodens 200-W (Tam Yo\u011fu\u015fmal\u0131 Kombi)<\/li><\/ul><h4><strong>ODA TERMOSTATLARI VE UZAKTAN KONTROL C\u0130HAZLARI<\/strong><\/h4><p>\u0130stenen oda s\u0131cakl\u0131\u011f\u0131n\u0131n, d\u00fc\u015f\u00fcml\u00fc s\u0131cakl\u0131\u011f\u0131n, kullanma suyu s\u0131cakl\u0131\u011f\u0131n\u0131n, i\u015fletme t\u00fcr\u00fcn\u00fcn se\u00e7imi, tatil program\u0131, parti ve tasarruf fonksiyonlar\u0131 ile oda termostatlar\u0131 ve uzaktan kumanda cihazlar\u0131 konforunuza konfor katacakt\u0131r.<\/p><\/div><\/div>\t\t\t\t\t\t<\/div>\n\t\t\t\t<\/div>\n\t\t\t\t<\/div>\n\t\t<div class=\"elementor-element elementor-element-b2a87d4 e-con-full e-flex e-con e-child\" data-id=\"b2a87d4\" data-element_type=\"container\">\n\t\t\t\t<div class=\"elementor-element elementor-element-3011436 elementor-widget elementor-widget-image\" data-id=\"3011436\" data-element_type=\"widget\" data-widget_type=\"image.default\">\n\t\t\t\t<div class=\"elementor-widget-container\">\n\t\t\t\t\t\t\t\t\t\t\t\t\t<img fetchpriority=\"high\" decoding=\"async\" width=\"730\" height=\"350\" src=\"https:\/\/sahamuhendislik.com.tr\/wp-content\/uploads\/2019\/11\/viessmann1-scalia-gallery-fullwidth.jpg\" class=\"attachment-large size-large wp-image-1850\" alt=\"\" srcset=\"https:\/\/sahamuhendislik.com.tr\/wp-content\/uploads\/2019\/11\/viessmann1-scalia-gallery-fullwidth.jpg 730w, https:\/\/sahamuhendislik.com.tr\/wp-content\/uploads\/2019\/11\/viessmann1-scalia-gallery-fullwidth-300x144.jpg 300w\" sizes=\"(max-width: 730px) 100vw, 730px\" \/>\t\t\t\t\t\t\t\t\t\t\t\t\t<\/div>\n\t\t\t\t<\/div>\n\t\t\t\t<\/div>\n\t\t\t\t\t<\/div>\n\t\t\t\t<\/div>\n\t\t<div class=\"elementor-element elementor-element-e0cf3ad e-flex e-con-boxed e-con e-parent\" data-id=\"e0cf3ad\" data-element_type=\"container\" data-settings=\"{&quot;background_background&quot;:&quot;classic&quot;}\">\n\t\t\t\t\t<div class=\"e-con-inner\">\n\t\t\t\t<div class=\"elementor-element elementor-element-3dd2f2c elementor-widget elementor-widget-spacer\" data-id=\"3dd2f2c\" data-element_type=\"widget\" data-widget_type=\"spacer.default\">\n\t\t\t\t<div class=\"elementor-widget-container\">\n\t\t\t\t\t<div class=\"elementor-spacer\">\n\t\t\t<div class=\"elementor-spacer-inner\"><\/div>\n\t\t<\/div>\n\t\t\t\t<\/div>\n\t\t\t\t<\/div>\n\t\t\t\t<div class=\"elementor-element elementor-element-9a110c8 elementor-widget elementor-widget-heading\" data-id=\"9a110c8\" data-element_type=\"widget\" data-widget_type=\"heading.default\">\n\t\t\t\t<div class=\"elementor-widget-container\">\n\t\t\t<h3 class=\"elementor-heading-title elementor-size-default\">RADYAT\u00d6R VE TERMOSTAT\u0130K RADYAT\u00d6R VANALARI\n<\/h3>\t\t<\/div>\n\t\t\t\t<\/div>\n\t\t\t\t<div class=\"elementor-element elementor-element-97bbc86 elementor-widget elementor-widget-spacer\" data-id=\"97bbc86\" data-element_type=\"widget\" data-widget_type=\"spacer.default\">\n\t\t\t\t<div class=\"elementor-widget-container\">\n\t\t\t\t\t<div class=\"elementor-spacer\">\n\t\t\t<div class=\"elementor-spacer-inner\"><\/div>\n\t\t<\/div>\n\t\t\t\t<\/div>\n\t\t\t\t<\/div>\n\t\t\t\t\t<\/div>\n\t\t\t\t<\/div>\n\t\t<div class=\"elementor-element elementor-element-3d7d446 e-flex e-con-boxed e-con e-parent\" data-id=\"3d7d446\" data-element_type=\"container\">\n\t\t\t\t\t<div class=\"e-con-inner\">\n\t\t<div class=\"elementor-element elementor-element-2e660f5 e-con-full e-flex e-con e-child\" data-id=\"2e660f5\" data-element_type=\"container\">\n\t\t\t\t<div class=\"elementor-element elementor-element-ce72bfb elementor-widget elementor-widget-text-editor\" data-id=\"ce72bfb\" data-element_type=\"widget\" data-widget_type=\"text-editor.default\">\n\t\t\t\t<div class=\"elementor-widget-container\">\n\t\t\t\t\t\t\t<h2 class=\"vc_custom_heading\">COPA INNOVA RADYAT\u00d6RLER<\/h2><div class=\"wpb_text_column wpb_content_element \"><div class=\"wpb_wrapper\"><p>T\u00fcrkiye\u2019nin \u0131zgara ve yan kapaklar\u0131 oval kesimli tek panel radyat\u00f6r modeli olan COPA Innova, ad\u0131n\u0131 ald\u0131\u011f\u0131 inovatif tasar\u0131m\u0131 sayesinde hem y\u00fcksek \u0131s\u0131l g\u00fc\u00e7 \u00fcretir hem de estetik bir g\u00f6r\u00fcn\u00fcm yarat\u0131r.<\/p><\/div><\/div>\t\t\t\t\t\t<\/div>\n\t\t\t\t<\/div>\n\t\t\t\t<div class=\"elementor-element elementor-element-d37e86e elementor-widget elementor-widget-image\" data-id=\"d37e86e\" data-element_type=\"widget\" data-widget_type=\"image.default\">\n\t\t\t\t<div class=\"elementor-widget-container\">\n\t\t\t\t\t\t\t\t\t\t\t\t\t<img decoding=\"async\" width=\"434\" height=\"76\" src=\"https:\/\/sahamuhendislik.com.tr\/wp-content\/uploads\/2024\/02\/innova-sertifikalar.jpg\" class=\"attachment-large size-large wp-image-2249\" alt=\"\" srcset=\"https:\/\/sahamuhendislik.com.tr\/wp-content\/uploads\/2024\/02\/innova-sertifikalar.jpg 434w, https:\/\/sahamuhendislik.com.tr\/wp-content\/uploads\/2024\/02\/innova-sertifikalar-300x53.jpg 300w, https:\/\/sahamuhendislik.com.tr\/wp-content\/uploads\/2024\/02\/innova-sertifikalar-230x40.jpg 230w, https:\/\/sahamuhendislik.com.tr\/wp-content\/uploads\/2024\/02\/innova-sertifikalar-350x61.jpg 350w\" sizes=\"(max-width: 434px) 100vw, 434px\" \/>\t\t\t\t\t\t\t\t\t\t\t\t\t<\/div>\n\t\t\t\t<\/div>\n\t\t\t\t<\/div>\n\t\t<div class=\"elementor-element elementor-element-216a0b8 e-con-full e-flex e-con e-child\" data-id=\"216a0b8\" data-element_type=\"container\">\n\t\t\t\t<div class=\"elementor-element elementor-element-20bfdb9 elementor-widget elementor-widget-image\" data-id=\"20bfdb9\" data-element_type=\"widget\" data-widget_type=\"image.default\">\n\t\t\t\t<div class=\"elementor-widget-container\">\n\t\t\t\t\t\t\t\t\t\t\t\t\t<img decoding=\"async\" width=\"840\" height=\"600\" src=\"https:\/\/sahamuhendislik.com.tr\/wp-content\/uploads\/2019\/11\/copa-radyat\u00f6r.jpg\" class=\"attachment-large size-large wp-image-1855\" alt=\"\" srcset=\"https:\/\/sahamuhendislik.com.tr\/wp-content\/uploads\/2019\/11\/copa-radyat\u00f6r.jpg 840w, https:\/\/sahamuhendislik.com.tr\/wp-content\/uploads\/2019\/11\/copa-radyat\u00f6r-300x214.jpg 300w, https:\/\/sahamuhendislik.com.tr\/wp-content\/uploads\/2019\/11\/copa-radyat\u00f6r-768x549.jpg 768w\" sizes=\"(max-width: 840px) 100vw, 840px\" \/>\t\t\t\t\t\t\t\t\t\t\t\t\t<\/div>\n\t\t\t\t<\/div>\n\t\t\t\t<\/div>\n\t\t\t\t\t<\/div>\n\t\t\t\t<\/div>\n\t\t<div class=\"elementor-element elementor-element-9bd0a2a e-flex e-con-boxed e-con e-parent\" data-id=\"9bd0a2a\" data-element_type=\"container\" data-settings=\"{&quot;background_background&quot;:&quot;classic&quot;}\">\n\t\t\t\t\t<div class=\"e-con-inner\">\n\t\t\t\t<div class=\"elementor-element elementor-element-fbfbc25 elementor-widget elementor-widget-spacer\" data-id=\"fbfbc25\" data-element_type=\"widget\" data-widget_type=\"spacer.default\">\n\t\t\t\t<div class=\"elementor-widget-container\">\n\t\t\t\t\t<div class=\"elementor-spacer\">\n\t\t\t<div class=\"elementor-spacer-inner\"><\/div>\n\t\t<\/div>\n\t\t\t\t<\/div>\n\t\t\t\t<\/div>\n\t\t\t\t<div class=\"elementor-element elementor-element-c229870 elementor-widget elementor-widget-heading\" data-id=\"c229870\" data-element_type=\"widget\" data-widget_type=\"heading.default\">\n\t\t\t\t<div class=\"elementor-widget-container\">\n\t\t\t<h3 class=\"elementor-heading-title elementor-size-default\">KL\u0130MALAR<br \/>\n<br \/>\nSU ISITICILAR (\u015eOFBEN)<br \/>\n<br \/>\nMERKEZ\u0130 S\u0130STEMLER<\/h3>\t\t<\/div>\n\t\t\t\t<\/div>\n\t\t\t\t<div class=\"elementor-element elementor-element-b94a5b0 elementor-widget elementor-widget-spacer\" data-id=\"b94a5b0\" data-element_type=\"widget\" data-widget_type=\"spacer.default\">\n\t\t\t\t<div class=\"elementor-widget-container\">\n\t\t\t\t\t<div class=\"elementor-spacer\">\n\t\t\t<div class=\"elementor-spacer-inner\"><\/div>\n\t\t<\/div>\n\t\t\t\t<\/div>\n\t\t\t\t<\/div>\n\t\t\t\t\t<\/div>\n\t\t\t\t<\/div>\n\t\t\t\t<\/div>\n\t\t","protected":false},"excerpt":{"rendered":"<p>KOMB\u0130LER &#038; UZAKTAN KONTROL C\u0130HAZLARI VIESSMANN KOMB\u0130 VE UZAKTAN KONTROL C\u0130HAZLARI Viessmann Mudanya Bayii SA&amp;HA M\u00fchendislik\u2019te t\u00fcm Viessmann Yo\u011fu\u015fmal\u0131, ve kazan tipi [&hellip;]<\/p>\n","protected":false},"author":1,"featured_media":0,"parent":0,"menu_order":0,"comment_status":"closed","ping_status":"closed","template":"elementor_header_footer","meta":{"footnotes":""},"_links":{"self":[{"href":"https:\/\/sahamuhendislik.com.tr\/index.php?rest_route=\/wp\/v2\/pages\/1845"}],"collection":[{"href":"https:\/\/sahamuhendislik.com.tr\/index.php?rest_route=\/wp\/v2\/pages"}],"about":[{"href":"https:\/\/sahamuhendislik.com.tr\/index.php?rest_route=\/wp\/v2\/types\/page"}],"author":[{"embeddable":true,"href":"https:\/\/sahamuhendislik.com.tr\/index.php?rest_route=\/wp\/v2\/users\/1"}],"replies":[{"embeddable":true,"href":"https:\/\/sahamuhendislik.com.tr\/index.php?rest_route=%2Fwp%2Fv2%2Fcomments&post=1845"}],"version-history":[{"count":13,"href":"https:\/\/sahamuhendislik.com.tr\/index.php?rest_route=\/wp\/v2\/pages\/1845\/revisions"}],"predecessor-version":[{"id":2255,"href":"https:\/\/sahamuhendislik.com.tr\/index.php?rest_route=\/wp\/v2\/pages\/1845\/revisions\/2255"}],"wp:attachment":[{"href":"https:\/\/sahamuhendislik.com.tr\/index.php?rest_route=%2Fwp%2Fv2%2Fmedia&parent=1845"}],"curies":[{"name":"wp","href":"https:\/\/api.w.org\/{rel}","templated":true}]}}