{"id":1705,"date":"2019-02-22T00:37:20","date_gmt":"2019-02-21T21:37:20","guid":{"rendered":"http:\/\/sa-hamuhendislik.com\/?page_id=1705"},"modified":"2024-02-28T09:04:08","modified_gmt":"2024-02-28T06:04:08","slug":"sertifikalarimiz","status":"publish","type":"page","link":"https:\/\/sahamuhendislik.com.tr\/?page_id=1705","title":{"rendered":"Sertifikalar\u0131m\u0131z"},"content":{"rendered":"\t\t<div data-elementor-type=\"wp-page\" data-elementor-id=\"1705\" class=\"elementor elementor-1705\" data-elementor-post-type=\"page\">\n\t\t\t\t<div class=\"elementor-element elementor-element-73f2b2f8 e-flex e-con-boxed e-con e-parent\" data-id=\"73f2b2f8\" data-element_type=\"container\" data-settings=\"{&quot;background_background&quot;:&quot;classic&quot;}\">\n\t\t\t\t\t<div class=\"e-con-inner\">\n\t\t\t\t<div class=\"elementor-element elementor-element-c8e28f2 elementor-widget elementor-widget-spacer\" data-id=\"c8e28f2\" data-element_type=\"widget\" data-widget_type=\"spacer.default\">\n\t\t\t\t<div class=\"elementor-widget-container\">\n\t\t\t\t\t<div class=\"elementor-spacer\">\n\t\t\t<div class=\"elementor-spacer-inner\"><\/div>\n\t\t<\/div>\n\t\t\t\t<\/div>\n\t\t\t\t<\/div>\n\t\t\t\t<div class=\"elementor-element elementor-element-ac10c81 elementor-widget elementor-widget-heading\" data-id=\"ac10c81\" data-element_type=\"widget\" data-widget_type=\"heading.default\">\n\t\t\t\t<div class=\"elementor-widget-container\">\n\t\t\t<h2 class=\"elementor-heading-title elementor-size-default\">Sertifikalar\u0131m\u0131z<\/h2>\t\t<\/div>\n\t\t\t\t<\/div>\n\t\t\t\t<div class=\"elementor-element elementor-element-9be57ec elementor-widget elementor-widget-spacer\" data-id=\"9be57ec\" data-element_type=\"widget\" data-widget_type=\"spacer.default\">\n\t\t\t\t<div class=\"elementor-widget-container\">\n\t\t\t\t\t<div class=\"elementor-spacer\">\n\t\t\t<div class=\"elementor-spacer-inner\"><\/div>\n\t\t<\/div>\n\t\t\t\t<\/div>\n\t\t\t\t<\/div>\n\t\t\t\t\t<\/div>\n\t\t\t\t<\/div>\n\t\t<div class=\"elementor-element elementor-element-6365086 e-flex e-con-boxed e-con e-parent\" data-id=\"6365086\" data-element_type=\"container\">\n\t\t\t\t\t<div class=\"e-con-inner\">\n\t\t\t\t\t<\/div>\n\t\t\t\t<\/div>\n\t\t<div class=\"elementor-element elementor-element-e157be3 e-flex e-con-boxed e-con e-parent\" data-id=\"e157be3\" data-element_type=\"container\">\n\t\t\t\t\t<div class=\"e-con-inner\">\n\t\t<div class=\"elementor-element elementor-element-b60cf08 e-con-full e-flex e-con e-child\" data-id=\"b60cf08\" data-element_type=\"container\">\n\t\t\t\t<div class=\"elementor-element elementor-element-6d0a31b elementor-widget elementor-widget-text-editor\" data-id=\"6d0a31b\" data-element_type=\"widget\" data-widget_type=\"text-editor.default\">\n\t\t\t\t<div class=\"elementor-widget-container\">\n\t\t\t\t\t\t\t<p style=\"text-align: center;\">HACETTEPE \u00dcN\u0130VERS\u0130TES\u0130<br \/><strong>Zonguldak M\u00fchendislik Fak\u00fcltesi<\/strong><br \/><strong>Makina M\u00fchendisli\u011fi Diplomas\u0131<\/strong><\/p>\t\t\t\t\t\t<\/div>\n\t\t\t\t<\/div>\n\t\t\t\t<div class=\"elementor-element elementor-element-b072a3b elementor-widget elementor-widget-image\" data-id=\"b072a3b\" data-element_type=\"widget\" data-widget_type=\"image.default\">\n\t\t\t\t<div class=\"elementor-widget-container\">\n\t\t\t\t\t\t\t\t\t\t\t\t\t<img fetchpriority=\"high\" decoding=\"async\" width=\"744\" height=\"532\" src=\"https:\/\/sahamuhendislik.com.tr\/wp-content\/uploads\/2019\/02\/Hacettepe-Diploma.png\" class=\"attachment-large size-large wp-image-1729\" alt=\"\" srcset=\"https:\/\/sahamuhendislik.com.tr\/wp-content\/uploads\/2019\/02\/Hacettepe-Diploma.png 744w, https:\/\/sahamuhendislik.com.tr\/wp-content\/uploads\/2019\/02\/Hacettepe-Diploma-300x215.png 300w, https:\/\/sahamuhendislik.com.tr\/wp-content\/uploads\/2019\/02\/Hacettepe-Diploma-600x429.png 600w\" sizes=\"(max-width: 744px) 100vw, 744px\" \/>\t\t\t\t\t\t\t\t\t\t\t\t\t<\/div>\n\t\t\t\t<\/div>\n\t\t\t\t<\/div>\n\t\t<div class=\"elementor-element elementor-element-b7661fc e-con-full e-flex e-con e-child\" data-id=\"b7661fc\" data-element_type=\"container\">\n\t\t\t\t<div class=\"elementor-element elementor-element-19d04a9 elementor-widget elementor-widget-text-editor\" data-id=\"19d04a9\" data-element_type=\"widget\" data-widget_type=\"text-editor.default\">\n\t\t\t\t<div class=\"elementor-widget-container\">\n\t\t\t\t\t\t\t<p style=\"text-align: center;\">TMMOB MAK\u0130NA M\u00dcHEND\u0130SLER\u0130 ODASI<br \/><strong>Asans\u00f6r Avan Proje Haz\u0131rlama<br \/>M\u00fchendis Yetki Belgesi<\/strong><\/p>\t\t\t\t\t\t<\/div>\n\t\t\t\t<\/div>\n\t\t\t\t<div class=\"elementor-element elementor-element-f38fc0f elementor-widget elementor-widget-image\" data-id=\"f38fc0f\" data-element_type=\"widget\" data-widget_type=\"image.default\">\n\t\t\t\t<div class=\"elementor-widget-container\">\n\t\t\t\t\t\t\t\t\t\t\t\t\t<img decoding=\"async\" width=\"582\" height=\"798\" src=\"https:\/\/sahamuhendislik.com.tr\/wp-content\/uploads\/2019\/02\/asans\u00f6r-avan-proje-1.png\" class=\"attachment-large size-large wp-image-1722\" alt=\"\" srcset=\"https:\/\/sahamuhendislik.com.tr\/wp-content\/uploads\/2019\/02\/asans\u00f6r-avan-proje-1.png 582w, https:\/\/sahamuhendislik.com.tr\/wp-content\/uploads\/2019\/02\/asans\u00f6r-avan-proje-1-219x300.png 219w\" sizes=\"(max-width: 582px) 100vw, 582px\" \/>\t\t\t\t\t\t\t\t\t\t\t\t\t<\/div>\n\t\t\t\t<\/div>\n\t\t\t\t<\/div>\n\t\t<div class=\"elementor-element elementor-element-7b4d84f e-con-full e-flex e-con e-child\" data-id=\"7b4d84f\" data-element_type=\"container\">\n\t\t\t\t<div class=\"elementor-element elementor-element-e213ae4 elementor-widget elementor-widget-text-editor\" data-id=\"e213ae4\" data-element_type=\"widget\" data-widget_type=\"text-editor.default\">\n\t\t\t\t<div class=\"elementor-widget-container\">\n\t\t\t\t\t\t\t<p style=\"text-align: center;\">TMMOB MAK\u0130NA M\u00dcHEND\u0130SLER\u0130 ODASI<br \/><strong>End\u00fcstriyel ve B\u00fcy\u00fck T\u00fcketimli Tesislerin<br \/>Do\u011falgaza D\u00f6n\u00fc\u015f\u00fcm\u00fc M\u00fchendis Yetki Belgesi<\/strong><\/p>\t\t\t\t\t\t<\/div>\n\t\t\t\t<\/div>\n\t\t\t\t<div class=\"elementor-element elementor-element-fbbaaa6 elementor-widget elementor-widget-image\" data-id=\"fbbaaa6\" data-element_type=\"widget\" data-widget_type=\"image.default\">\n\t\t\t\t<div class=\"elementor-widget-container\">\n\t\t\t\t\t\t\t\t\t\t\t\t\t<img decoding=\"async\" width=\"517\" height=\"713\" src=\"https:\/\/sahamuhendislik.com.tr\/wp-content\/uploads\/2019\/02\/endustriyel-dogalgaz-belgesi.png\" class=\"attachment-large size-large wp-image-1725\" alt=\"\" srcset=\"https:\/\/sahamuhendislik.com.tr\/wp-content\/uploads\/2019\/02\/endustriyel-dogalgaz-belgesi.png 517w, https:\/\/sahamuhendislik.com.tr\/wp-content\/uploads\/2019\/02\/endustriyel-dogalgaz-belgesi-218x300.png 218w\" sizes=\"(max-width: 517px) 100vw, 517px\" \/>\t\t\t\t\t\t\t\t\t\t\t\t\t<\/div>\n\t\t\t\t<\/div>\n\t\t\t\t<\/div>\n\t\t<div class=\"elementor-element elementor-element-156453b e-con-full e-flex e-con e-child\" data-id=\"156453b\" data-element_type=\"container\">\n\t\t\t\t<div class=\"elementor-element elementor-element-f798877 elementor-widget elementor-widget-spacer\" data-id=\"f798877\" data-element_type=\"widget\" data-widget_type=\"spacer.default\">\n\t\t\t\t<div class=\"elementor-widget-container\">\n\t\t\t\t\t<div class=\"elementor-spacer\">\n\t\t\t<div class=\"elementor-spacer-inner\"><\/div>\n\t\t<\/div>\n\t\t\t\t<\/div>\n\t\t\t\t<\/div>\n\t\t\t\t<div class=\"elementor-element elementor-element-64c166d elementor-widget elementor-widget-text-editor\" data-id=\"64c166d\" data-element_type=\"widget\" data-widget_type=\"text-editor.default\">\n\t\t\t\t<div class=\"elementor-widget-container\">\n\t\t\t\t\t\t\t<p style=\"text-align: center;\">TMMOB MAK\u0130NA M\u00dcHEND\u0130SLER\u0130 ODASI<br \/><strong>LPG Otogaz \u0130stasyonu<br \/><\/strong><strong>Sorumlu M\u00fcd\u00fcr E\u011fitim Sertifikas\u0131<\/strong><\/p>\t\t\t\t\t\t<\/div>\n\t\t\t\t<\/div>\n\t\t\t\t<div class=\"elementor-element elementor-element-0aa35d4 elementor-widget elementor-widget-image\" data-id=\"0aa35d4\" data-element_type=\"widget\" data-widget_type=\"image.default\">\n\t\t\t\t<div class=\"elementor-widget-container\">\n\t\t\t\t\t\t\t\t\t\t\t\t\t<img loading=\"lazy\" decoding=\"async\" width=\"731\" height=\"1024\" src=\"https:\/\/sahamuhendislik.com.tr\/wp-content\/uploads\/2019\/02\/lg-otogaz-sorumlu-mudur-731x1024.jpeg\" class=\"attachment-large size-large wp-image-1739\" alt=\"\" srcset=\"https:\/\/sahamuhendislik.com.tr\/wp-content\/uploads\/2019\/02\/lg-otogaz-sorumlu-mudur-731x1024.jpeg 731w, https:\/\/sahamuhendislik.com.tr\/wp-content\/uploads\/2019\/02\/lg-otogaz-sorumlu-mudur-214x300.jpeg 214w, https:\/\/sahamuhendislik.com.tr\/wp-content\/uploads\/2019\/02\/lg-otogaz-sorumlu-mudur-768x1075.jpeg 768w, https:\/\/sahamuhendislik.com.tr\/wp-content\/uploads\/2019\/02\/lg-otogaz-sorumlu-mudur-600x840.jpeg 600w, https:\/\/sahamuhendislik.com.tr\/wp-content\/uploads\/2019\/02\/lg-otogaz-sorumlu-mudur.jpeg 1200w\" sizes=\"(max-width: 731px) 100vw, 731px\" \/>\t\t\t\t\t\t\t\t\t\t\t\t\t<\/div>\n\t\t\t\t<\/div>\n\t\t\t\t<\/div>\n\t\t<div class=\"elementor-element elementor-element-151b88d e-con-full e-flex e-con e-child\" data-id=\"151b88d\" data-element_type=\"container\">\n\t\t\t\t<div class=\"elementor-element elementor-element-237af72 elementor-widget elementor-widget-spacer\" data-id=\"237af72\" data-element_type=\"widget\" data-widget_type=\"spacer.default\">\n\t\t\t\t<div class=\"elementor-widget-container\">\n\t\t\t\t\t<div class=\"elementor-spacer\">\n\t\t\t<div class=\"elementor-spacer-inner\"><\/div>\n\t\t<\/div>\n\t\t\t\t<\/div>\n\t\t\t\t<\/div>\n\t\t\t\t<div class=\"elementor-element elementor-element-bb6dd7a elementor-widget elementor-widget-text-editor\" data-id=\"bb6dd7a\" data-element_type=\"widget\" data-widget_type=\"text-editor.default\">\n\t\t\t\t<div class=\"elementor-widget-container\">\n\t\t\t\t\t\t\t<p style=\"text-align: center;\">TMMOB MAK\u0130NA M\u00dcHEND\u0130SLER\u0130 ODASI<br \/><strong>Do\u011falgaz \u0130\u00e7 Tesisat<br \/>M\u00fchendis Yetki Belgesi<\/strong><\/p>\t\t\t\t\t\t<\/div>\n\t\t\t\t<\/div>\n\t\t\t\t<div class=\"elementor-element elementor-element-5a2a825 elementor-widget elementor-widget-image\" data-id=\"5a2a825\" data-element_type=\"widget\" data-widget_type=\"image.default\">\n\t\t\t\t<div class=\"elementor-widget-container\">\n\t\t\t\t\t\t\t\t\t\t\t\t\t<img loading=\"lazy\" decoding=\"async\" width=\"638\" height=\"904\" src=\"https:\/\/sahamuhendislik.com.tr\/wp-content\/uploads\/2019\/02\/dogalgaz-ic-tesisat-muhendis-yetki-belgesi.png\" class=\"attachment-large size-large wp-image-1733\" alt=\"\" srcset=\"https:\/\/sahamuhendislik.com.tr\/wp-content\/uploads\/2019\/02\/dogalgaz-ic-tesisat-muhendis-yetki-belgesi.png 638w, https:\/\/sahamuhendislik.com.tr\/wp-content\/uploads\/2019\/02\/dogalgaz-ic-tesisat-muhendis-yetki-belgesi-212x300.png 212w, https:\/\/sahamuhendislik.com.tr\/wp-content\/uploads\/2019\/02\/dogalgaz-ic-tesisat-muhendis-yetki-belgesi-600x850.png 600w\" sizes=\"(max-width: 638px) 100vw, 638px\" \/>\t\t\t\t\t\t\t\t\t\t\t\t\t<\/div>\n\t\t\t\t<\/div>\n\t\t\t\t<\/div>\n\t\t<div class=\"elementor-element elementor-element-f1bbb53 e-con-full e-flex e-con e-child\" data-id=\"f1bbb53\" data-element_type=\"container\">\n\t\t\t\t<div class=\"elementor-element elementor-element-aaf8baa elementor-widget elementor-widget-spacer\" data-id=\"aaf8baa\" data-element_type=\"widget\" data-widget_type=\"spacer.default\">\n\t\t\t\t<div class=\"elementor-widget-container\">\n\t\t\t\t\t<div class=\"elementor-spacer\">\n\t\t\t<div class=\"elementor-spacer-inner\"><\/div>\n\t\t<\/div>\n\t\t\t\t<\/div>\n\t\t\t\t<\/div>\n\t\t\t\t<div class=\"elementor-element elementor-element-ab63476 elementor-widget elementor-widget-text-editor\" data-id=\"ab63476\" data-element_type=\"widget\" data-widget_type=\"text-editor.default\">\n\t\t\t\t<div class=\"elementor-widget-container\">\n\t\t\t\t\t\t\t<p style=\"text-align: center;\">TMMOB MAK\u0130NA M\u00dcHEND\u0130SLER\u0130 ODASI<br \/><strong>Mekanik Tesisat<br \/>Uzman M\u00fchendis Yetki Belgesi<\/strong><\/p>\t\t\t\t\t\t<\/div>\n\t\t\t\t<\/div>\n\t\t\t\t<div class=\"elementor-element elementor-element-38307b3 elementor-widget elementor-widget-image\" data-id=\"38307b3\" data-element_type=\"widget\" data-widget_type=\"image.default\">\n\t\t\t\t<div class=\"elementor-widget-container\">\n\t\t\t\t\t\t\t\t\t\t\t\t\t<img loading=\"lazy\" decoding=\"async\" width=\"634\" height=\"905\" src=\"https:\/\/sahamuhendislik.com.tr\/wp-content\/uploads\/2019\/02\/mekanik-tesisat-uzman-muhendis-belgesi.png\" class=\"attachment-large size-large wp-image-1735\" alt=\"\" srcset=\"https:\/\/sahamuhendislik.com.tr\/wp-content\/uploads\/2019\/02\/mekanik-tesisat-uzman-muhendis-belgesi.png 634w, https:\/\/sahamuhendislik.com.tr\/wp-content\/uploads\/2019\/02\/mekanik-tesisat-uzman-muhendis-belgesi-210x300.png 210w, https:\/\/sahamuhendislik.com.tr\/wp-content\/uploads\/2019\/02\/mekanik-tesisat-uzman-muhendis-belgesi-600x856.png 600w\" sizes=\"(max-width: 634px) 100vw, 634px\" \/>\t\t\t\t\t\t\t\t\t\t\t\t\t<\/div>\n\t\t\t\t<\/div>\n\t\t\t\t<\/div>\n\t\t<div class=\"elementor-element elementor-element-618d237 e-con-full e-flex e-con e-child\" data-id=\"618d237\" data-element_type=\"container\">\n\t\t\t\t<div class=\"elementor-element elementor-element-0295575 elementor-widget elementor-widget-spacer\" data-id=\"0295575\" data-element_type=\"widget\" data-widget_type=\"spacer.default\">\n\t\t\t\t<div class=\"elementor-widget-container\">\n\t\t\t\t\t<div class=\"elementor-spacer\">\n\t\t\t<div class=\"elementor-spacer-inner\"><\/div>\n\t\t<\/div>\n\t\t\t\t<\/div>\n\t\t\t\t<\/div>\n\t\t\t\t<div class=\"elementor-element elementor-element-4251d78 elementor-widget elementor-widget-text-editor\" data-id=\"4251d78\" data-element_type=\"widget\" data-widget_type=\"text-editor.default\">\n\t\t\t\t<div class=\"elementor-widget-container\">\n\t\t\t\t\t\t\t<p style=\"text-align: center;\">T\u00dcRK STANDARTLARI ENST\u0130T\u00dcS\u00dc<br \/><strong>TSE \u0130\u015f Ekipmanlar\u0131<br \/>Periyodik Muayene Uzmanl\u0131\u011f\u0131 Sertifikas\u0131<\/strong><\/p>\t\t\t\t\t\t<\/div>\n\t\t\t\t<\/div>\n\t\t\t\t<div class=\"elementor-element elementor-element-70a519c elementor-widget elementor-widget-image\" data-id=\"70a519c\" data-element_type=\"widget\" data-widget_type=\"image.default\">\n\t\t\t\t<div class=\"elementor-widget-container\">\n\t\t\t\t\t\t\t\t\t\t\t\t\t<img loading=\"lazy\" decoding=\"async\" width=\"638\" height=\"903\" src=\"https:\/\/sahamuhendislik.com.tr\/wp-content\/uploads\/2019\/02\/is-ekipmanlari-periyodik-muayene-uzmani.png\" class=\"attachment-large size-large wp-image-1731\" alt=\"\" srcset=\"https:\/\/sahamuhendislik.com.tr\/wp-content\/uploads\/2019\/02\/is-ekipmanlari-periyodik-muayene-uzmani.png 638w, https:\/\/sahamuhendislik.com.tr\/wp-content\/uploads\/2019\/02\/is-ekipmanlari-periyodik-muayene-uzmani-212x300.png 212w, https:\/\/sahamuhendislik.com.tr\/wp-content\/uploads\/2019\/02\/is-ekipmanlari-periyodik-muayene-uzmani-600x849.png 600w\" sizes=\"(max-width: 638px) 100vw, 638px\" \/>\t\t\t\t\t\t\t\t\t\t\t\t\t<\/div>\n\t\t\t\t<\/div>\n\t\t\t\t<\/div>\n\t\t<div class=\"elementor-element elementor-element-4370ba5 e-con-full e-flex e-con e-child\" data-id=\"4370ba5\" data-element_type=\"container\">\n\t\t\t\t<div class=\"elementor-element elementor-element-eb8eca9 elementor-widget elementor-widget-spacer\" data-id=\"eb8eca9\" data-element_type=\"widget\" data-widget_type=\"spacer.default\">\n\t\t\t\t<div class=\"elementor-widget-container\">\n\t\t\t\t\t<div class=\"elementor-spacer\">\n\t\t\t<div class=\"elementor-spacer-inner\"><\/div>\n\t\t<\/div>\n\t\t\t\t<\/div>\n\t\t\t\t<\/div>\n\t\t\t\t<div class=\"elementor-element elementor-element-32226a1 elementor-widget elementor-widget-text-editor\" data-id=\"32226a1\" data-element_type=\"widget\" data-widget_type=\"text-editor.default\">\n\t\t\t\t<div class=\"elementor-widget-container\">\n\t\t\t\t\t\t\t<p style=\"text-align: center;\">\u0130GDA\u015e<br \/><strong>\u0130stanbul Gaz Da\u011f\u0131t\u0131m A.\u015e.<\/strong><br \/><strong>Kay\u0131t Belgesi<\/strong><\/p>\t\t\t\t\t\t<\/div>\n\t\t\t\t<\/div>\n\t\t\t\t<div class=\"elementor-element elementor-element-6bee11d elementor-widget elementor-widget-image\" data-id=\"6bee11d\" data-element_type=\"widget\" data-widget_type=\"image.default\">\n\t\t\t\t<div class=\"elementor-widget-container\">\n\t\t\t\t\t\t\t\t\t\t\t\t\t<img loading=\"lazy\" decoding=\"async\" width=\"905\" height=\"637\" src=\"https:\/\/sahamuhendislik.com.tr\/wp-content\/uploads\/2019\/02\/igdas-kayit-belgesi.png\" class=\"attachment-large size-large wp-image-1737\" alt=\"\" srcset=\"https:\/\/sahamuhendislik.com.tr\/wp-content\/uploads\/2019\/02\/igdas-kayit-belgesi.png 905w, https:\/\/sahamuhendislik.com.tr\/wp-content\/uploads\/2019\/02\/igdas-kayit-belgesi-300x211.png 300w, https:\/\/sahamuhendislik.com.tr\/wp-content\/uploads\/2019\/02\/igdas-kayit-belgesi-768x541.png 768w, https:\/\/sahamuhendislik.com.tr\/wp-content\/uploads\/2019\/02\/igdas-kayit-belgesi-600x422.png 600w\" sizes=\"(max-width: 905px) 100vw, 905px\" \/>\t\t\t\t\t\t\t\t\t\t\t\t\t<\/div>\n\t\t\t\t<\/div>\n\t\t\t\t<\/div>\n\t\t<div class=\"elementor-element elementor-element-98c61d9 e-con-full e-flex e-con e-child\" data-id=\"98c61d9\" data-element_type=\"container\">\n\t\t\t\t<div class=\"elementor-element elementor-element-b74254c elementor-widget elementor-widget-spacer\" data-id=\"b74254c\" data-element_type=\"widget\" data-widget_type=\"spacer.default\">\n\t\t\t\t<div class=\"elementor-widget-container\">\n\t\t\t\t\t<div class=\"elementor-spacer\">\n\t\t\t<div class=\"elementor-spacer-inner\"><\/div>\n\t\t<\/div>\n\t\t\t\t<\/div>\n\t\t\t\t<\/div>\n\t\t\t\t<div class=\"elementor-element elementor-element-7154d0f elementor-widget elementor-widget-text-editor\" data-id=\"7154d0f\" data-element_type=\"widget\" data-widget_type=\"text-editor.default\">\n\t\t\t\t<div class=\"elementor-widget-container\">\n\t\t\t\t\t\t\t<p style=\"text-align: center;\">\u00c7ASGEB<br \/><strong>A S\u0131n\u0131f\u0131 \u0130\u015f G\u00fcvenli\u011fi<br \/>Sertifikas\u0131<\/strong><\/p>\t\t\t\t\t\t<\/div>\n\t\t\t\t<\/div>\n\t\t\t\t<div class=\"elementor-element elementor-element-f5db2de elementor-widget elementor-widget-image\" data-id=\"f5db2de\" data-element_type=\"widget\" data-widget_type=\"image.default\">\n\t\t\t\t<div class=\"elementor-widget-container\">\n\t\t\t\t\t\t\t\t\t\t\t\t\t<img loading=\"lazy\" decoding=\"async\" width=\"1024\" height=\"719\" src=\"https:\/\/sahamuhendislik.com.tr\/wp-content\/uploads\/2019\/11\/\u0130\u015f-G\u00fcvenli\u011fi-Sertfifikas\u0131-1024x719.jpeg\" class=\"attachment-large size-large wp-image-1807\" alt=\"\" srcset=\"https:\/\/sahamuhendislik.com.tr\/wp-content\/uploads\/2019\/11\/\u0130\u015f-G\u00fcvenli\u011fi-Sertfifikas\u0131-1024x719.jpeg 1024w, https:\/\/sahamuhendislik.com.tr\/wp-content\/uploads\/2019\/11\/\u0130\u015f-G\u00fcvenli\u011fi-Sertfifikas\u0131-300x211.jpeg 300w, https:\/\/sahamuhendislik.com.tr\/wp-content\/uploads\/2019\/11\/\u0130\u015f-G\u00fcvenli\u011fi-Sertfifikas\u0131-768x539.jpeg 768w\" sizes=\"(max-width: 1024px) 100vw, 1024px\" \/>\t\t\t\t\t\t\t\t\t\t\t\t\t<\/div>\n\t\t\t\t<\/div>\n\t\t\t\t<\/div>\n\t\t\t\t\t<\/div>\n\t\t\t\t<\/div>\n\t\t\t\t<\/div>\n\t\t","protected":false},"excerpt":{"rendered":"<p>HACETTEPE \u00dcN\u0130VERS\u0130TES\u0130Zonguldak M\u00fchendislik Fak\u00fcltesiMakina M\u00fchendisli\u011fi Diplomas\u0131 TMMOB MAK\u0130NA M\u00dcHEND\u0130SLER\u0130 ODASIAsans\u00f6r Avan Proje Haz\u0131rlamaM\u00fchendis Yetki Belgesi TMMOB MAK\u0130NA M\u00dcHEND\u0130SLER\u0130 ODASIEnd\u00fcstriyel ve B\u00fcy\u00fck T\u00fcketimli [&hellip;]<\/p>\n","protected":false},"author":1,"featured_media":0,"parent":11,"menu_order":0,"comment_status":"closed","ping_status":"closed","template":"elementor_header_footer","meta":{"footnotes":""},"_links":{"self":[{"href":"https:\/\/sahamuhendislik.com.tr\/index.php?rest_route=\/wp\/v2\/pages\/1705"}],"collection":[{"href":"https:\/\/sahamuhendislik.com.tr\/index.php?rest_route=\/wp\/v2\/pages"}],"about":[{"href":"https:\/\/sahamuhendislik.com.tr\/index.php?rest_route=\/wp\/v2\/types\/page"}],"author":[{"embeddable":true,"href":"https:\/\/sahamuhendislik.com.tr\/index.php?rest_route=\/wp\/v2\/users\/1"}],"replies":[{"embeddable":true,"href":"https:\/\/sahamuhendislik.com.tr\/index.php?rest_route=%2Fwp%2Fv2%2Fcomments&post=1705"}],"version-history":[{"count":43,"href":"https:\/\/sahamuhendislik.com.tr\/index.php?rest_route=\/wp\/v2\/pages\/1705\/revisions"}],"predecessor-version":[{"id":2211,"href":"https:\/\/sahamuhendislik.com.tr\/index.php?rest_route=\/wp\/v2\/pages\/1705\/revisions\/2211"}],"up":[{"embeddable":true,"href":"https:\/\/sahamuhendislik.com.tr\/index.php?rest_route=\/wp\/v2\/pages\/11"}],"wp:attachment":[{"href":"https:\/\/sahamuhendislik.com.tr\/index.php?rest_route=%2Fwp%2Fv2%2Fmedia&parent=1705"}],"curies":[{"name":"wp","href":"https:\/\/api.w.org\/{rel}","templated":true}]}}