{"id":1638,"date":"2018-01-20T07:27:22","date_gmt":"2018-01-20T07:27:22","guid":{"rendered":"http:\/\/irsfoundation.com\/wp\/emarat\/?page_id=2"},"modified":"2024-02-28T09:24:34","modified_gmt":"2024-02-28T06:24:34","slug":"referanslarimiz","status":"publish","type":"page","link":"https:\/\/sahamuhendislik.com.tr\/?page_id=1638","title":{"rendered":"Referanslar\u0131m\u0131z"},"content":{"rendered":"\t\t<div data-elementor-type=\"wp-page\" data-elementor-id=\"1638\" class=\"elementor elementor-1638\" data-elementor-post-type=\"page\">\n\t\t\t\t<div class=\"elementor-element elementor-element-ac16e4e e-flex e-con-boxed e-con e-parent\" data-id=\"ac16e4e\" data-element_type=\"container\" data-settings=\"{&quot;background_background&quot;:&quot;classic&quot;}\">\n\t\t\t\t\t<div class=\"e-con-inner\">\n\t\t\t\t<div class=\"elementor-element elementor-element-b21442e elementor-widget elementor-widget-spacer\" data-id=\"b21442e\" data-element_type=\"widget\" data-widget_type=\"spacer.default\">\n\t\t\t\t<div class=\"elementor-widget-container\">\n\t\t\t\t\t<div class=\"elementor-spacer\">\n\t\t\t<div class=\"elementor-spacer-inner\"><\/div>\n\t\t<\/div>\n\t\t\t\t<\/div>\n\t\t\t\t<\/div>\n\t\t\t\t<div class=\"elementor-element elementor-element-3aed8c4 elementor-widget elementor-widget-heading\" data-id=\"3aed8c4\" data-element_type=\"widget\" data-widget_type=\"heading.default\">\n\t\t\t\t<div class=\"elementor-widget-container\">\n\t\t\t<h2 class=\"elementor-heading-title elementor-size-default\">Referanslar\u0131m\u0131z<\/h2>\t\t<\/div>\n\t\t\t\t<\/div>\n\t\t\t\t<div class=\"elementor-element elementor-element-a209305 elementor-widget elementor-widget-spacer\" data-id=\"a209305\" data-element_type=\"widget\" data-widget_type=\"spacer.default\">\n\t\t\t\t<div class=\"elementor-widget-container\">\n\t\t\t\t\t<div class=\"elementor-spacer\">\n\t\t\t<div class=\"elementor-spacer-inner\"><\/div>\n\t\t<\/div>\n\t\t\t\t<\/div>\n\t\t\t\t<\/div>\n\t\t\t\t\t<\/div>\n\t\t\t\t<\/div>\n\t\t<div class=\"elementor-element elementor-element-6502e44 e-flex e-con-boxed e-con e-parent\" data-id=\"6502e44\" data-element_type=\"container\">\n\t\t\t\t\t<div class=\"e-con-inner\">\n\t\t\t\t\t<\/div>\n\t\t\t\t<\/div>\n\t\t<div class=\"elementor-element elementor-element-4caa761 e-flex e-con-boxed e-con e-parent\" data-id=\"4caa761\" data-element_type=\"container\">\n\t\t\t\t\t<div class=\"e-con-inner\">\n\t\t\t\t<div class=\"elementor-element elementor-element-7b6e6dd elementor-widget elementor-widget-image-gallery\" data-id=\"7b6e6dd\" data-element_type=\"widget\" data-widget_type=\"image-gallery.default\">\n\t\t\t\t<div class=\"elementor-widget-container\">\n\t\t\t\t\t<div class=\"elementor-image-gallery\">\n\t\t\t<div id='gallery-1' class='gallery galleryid-1638 gallery-columns-5 gallery-size-thumbnail'><figure class='gallery-item'>\n\t\t\t<div class='gallery-icon landscape'>\n\t\t\t\t<a data-elementor-open-lightbox=\"yes\" data-elementor-lightbox-slideshow=\"7b6e6dd\" data-elementor-lightbox-title=\"\u00f6zaksan-logo\" data-e-action-hash=\"#elementor-action%3Aaction%3Dlightbox%26settings%3DeyJpZCI6MTgyNSwidXJsIjoiaHR0cHM6XC9cL3NhaGFtdWhlbmRpc2xpay5jb20udHJcL3dwLWNvbnRlbnRcL3VwbG9hZHNcLzIwMTlcLzExXC9cdTAwZjZ6YWtzYW4tbG9nby5qcGciLCJzbGlkZXNob3ciOiI3YjZlNmRkIn0%3D\" href='https:\/\/sahamuhendislik.com.tr\/wp-content\/uploads\/2019\/11\/\u00f6zaksan-logo.jpg'><img decoding=\"async\" width=\"150\" height=\"130\" src=\"https:\/\/sahamuhendislik.com.tr\/wp-content\/uploads\/2019\/11\/\u00f6zaksan-logo-150x130.jpg\" class=\"attachment-thumbnail size-thumbnail\" alt=\"\" aria-describedby=\"gallery-1-1825\" \/><\/a>\n\t\t\t<\/div>\n\t\t\t\t<figcaption class='wp-caption-text gallery-caption' id='gallery-1-1825'>\n\t\t\t\t\u00d6ZAKSAN\n\t\t\t\t<\/figcaption><\/figure><figure class='gallery-item'>\n\t\t\t<div class='gallery-icon portrait'>\n\t\t\t\t<a data-elementor-open-lightbox=\"yes\" data-elementor-lightbox-slideshow=\"7b6e6dd\" data-elementor-lightbox-title=\"eksun-logo\" data-e-action-hash=\"#elementor-action%3Aaction%3Dlightbox%26settings%3DeyJpZCI6MTgyNCwidXJsIjoiaHR0cHM6XC9cL3NhaGFtdWhlbmRpc2xpay5jb20udHJcL3dwLWNvbnRlbnRcL3VwbG9hZHNcLzIwMTlcLzExXC9la3N1bi1sb2dvLmpwZyIsInNsaWRlc2hvdyI6IjdiNmU2ZGQifQ%3D%3D\" href='https:\/\/sahamuhendislik.com.tr\/wp-content\/uploads\/2019\/11\/eksun-logo.jpg'><img decoding=\"async\" width=\"150\" height=\"150\" src=\"https:\/\/sahamuhendislik.com.tr\/wp-content\/uploads\/2019\/11\/eksun-logo-150x150.jpg\" class=\"attachment-thumbnail size-thumbnail\" alt=\"\" aria-describedby=\"gallery-1-1824\" \/><\/a>\n\t\t\t<\/div>\n\t\t\t\t<figcaption class='wp-caption-text gallery-caption' id='gallery-1-1824'>\n\t\t\t\tEKSUN GIDA\n\t\t\t\t<\/figcaption><\/figure><figure class='gallery-item'>\n\t\t\t<div class='gallery-icon landscape'>\n\t\t\t\t<a data-elementor-open-lightbox=\"yes\" data-elementor-lightbox-slideshow=\"7b6e6dd\" data-elementor-lightbox-title=\"anel do\u011fa- logo\" data-e-action-hash=\"#elementor-action%3Aaction%3Dlightbox%26settings%3DeyJpZCI6MTgyMywidXJsIjoiaHR0cHM6XC9cL3NhaGFtdWhlbmRpc2xpay5jb20udHJcL3dwLWNvbnRlbnRcL3VwbG9hZHNcLzIwMTlcLzExXC9hbmVsLWRvXHUwMTFmYS1sb2dvLnBuZyIsInNsaWRlc2hvdyI6IjdiNmU2ZGQifQ%3D%3D\" href='https:\/\/sahamuhendislik.com.tr\/wp-content\/uploads\/2019\/11\/anel-do\u011fa-logo.png'><img decoding=\"async\" width=\"150\" height=\"150\" src=\"https:\/\/sahamuhendislik.com.tr\/wp-content\/uploads\/2019\/11\/anel-do\u011fa-logo-150x150.png\" class=\"attachment-thumbnail size-thumbnail\" alt=\"\" aria-describedby=\"gallery-1-1823\" \/><\/a>\n\t\t\t<\/div>\n\t\t\t\t<figcaption class='wp-caption-text gallery-caption' id='gallery-1-1823'>\n\t\t\t\tAnel Do\u011fa\n\t\t\t\t<\/figcaption><\/figure><figure class='gallery-item'>\n\t\t\t<div class='gallery-icon landscape'>\n\t\t\t\t<a data-elementor-open-lightbox=\"yes\" data-elementor-lightbox-slideshow=\"7b6e6dd\" data-elementor-lightbox-title=\"VATAN-PRES\" data-e-action-hash=\"#elementor-action%3Aaction%3Dlightbox%26settings%3DeyJpZCI6MTc5MSwidXJsIjoiaHR0cHM6XC9cL3NhaGFtdWhlbmRpc2xpay5jb20udHJcL3dwLWNvbnRlbnRcL3VwbG9hZHNcLzIwMTlcLzAzXC9WQVRBTi1QUkVTLmpwZyIsInNsaWRlc2hvdyI6IjdiNmU2ZGQifQ%3D%3D\" href='https:\/\/sahamuhendislik.com.tr\/wp-content\/uploads\/2019\/03\/VATAN-PRES.jpg'><img loading=\"lazy\" decoding=\"async\" width=\"150\" height=\"122\" src=\"https:\/\/sahamuhendislik.com.tr\/wp-content\/uploads\/2019\/03\/VATAN-PRES-150x122.jpg\" class=\"attachment-thumbnail size-thumbnail\" alt=\"\" aria-describedby=\"gallery-1-1791\" \/><\/a>\n\t\t\t<\/div>\n\t\t\t\t<figcaption class='wp-caption-text gallery-caption' id='gallery-1-1791'>\n\t\t\t\tVatan Pres\n\t\t\t\t<\/figcaption><\/figure><figure class='gallery-item'>\n\t\t\t<div class='gallery-icon landscape'>\n\t\t\t\t<a data-elementor-open-lightbox=\"yes\" data-elementor-lightbox-slideshow=\"7b6e6dd\" data-elementor-lightbox-title=\"BESAS\" data-e-action-hash=\"#elementor-action%3Aaction%3Dlightbox%26settings%3DeyJpZCI6MTc5MCwidXJsIjoiaHR0cHM6XC9cL3NhaGFtdWhlbmRpc2xpay5jb20udHJcL3dwLWNvbnRlbnRcL3VwbG9hZHNcLzIwMTlcLzAzXC9CRVNBUy5qcGciLCJzbGlkZXNob3ciOiI3YjZlNmRkIn0%3D\" href='https:\/\/sahamuhendislik.com.tr\/wp-content\/uploads\/2019\/03\/BESAS.jpg'><img loading=\"lazy\" decoding=\"async\" width=\"150\" height=\"112\" src=\"https:\/\/sahamuhendislik.com.tr\/wp-content\/uploads\/2019\/03\/BESAS-150x112.jpg\" class=\"attachment-thumbnail size-thumbnail\" alt=\"\" aria-describedby=\"gallery-1-1790\" \/><\/a>\n\t\t\t<\/div>\n\t\t\t\t<figcaption class='wp-caption-text gallery-caption' id='gallery-1-1790'>\n\t\t\t\tBESA\u015e\n\t\t\t\t<\/figcaption><\/figure>\n\t\t<\/div>\n\t\t<\/div>\n\t\t\t\t<\/div>\n\t\t\t\t<\/div>\n\t\t\t\t\t<\/div>\n\t\t\t\t<\/div>\n\t\t\t\t<\/div>\n\t\t","protected":false},"excerpt":{"rendered":"<p>\u00d6ZAKSAN EKSUN GIDA Anel Do\u011fa Vatan Pres BESA\u015e<\/p>\n","protected":false},"author":1,"featured_media":0,"parent":11,"menu_order":0,"comment_status":"closed","ping_status":"open","template":"elementor_header_footer","meta":{"footnotes":""},"_links":{"self":[{"href":"https:\/\/sahamuhendislik.com.tr\/index.php?rest_route=\/wp\/v2\/pages\/1638"}],"collection":[{"href":"https:\/\/sahamuhendislik.com.tr\/index.php?rest_route=\/wp\/v2\/pages"}],"about":[{"href":"https:\/\/sahamuhendislik.com.tr\/index.php?rest_route=\/wp\/v2\/types\/page"}],"author":[{"embeddable":true,"href":"https:\/\/sahamuhendislik.com.tr\/index.php?rest_route=\/wp\/v2\/users\/1"}],"replies":[{"embeddable":true,"href":"https:\/\/sahamuhendislik.com.tr\/index.php?rest_route=%2Fwp%2Fv2%2Fcomments&post=1638"}],"version-history":[{"count":17,"href":"https:\/\/sahamuhendislik.com.tr\/index.php?rest_route=\/wp\/v2\/pages\/1638\/revisions"}],"predecessor-version":[{"id":2239,"href":"https:\/\/sahamuhendislik.com.tr\/index.php?rest_route=\/wp\/v2\/pages\/1638\/revisions\/2239"}],"up":[{"embeddable":true,"href":"https:\/\/sahamuhendislik.com.tr\/index.php?rest_route=\/wp\/v2\/pages\/11"}],"wp:attachment":[{"href":"https:\/\/sahamuhendislik.com.tr\/index.php?rest_route=%2Fwp%2Fv2%2Fmedia&parent=1638"}],"curies":[{"name":"wp","href":"https:\/\/api.w.org\/{rel}","templated":true}]}}